{"id":12,"date":"2025-05-12T07:13:09","date_gmt":"2025-05-12T07:13:09","guid":{"rendered":"https:\/\/portal.agiva.eu\/about\/"},"modified":"2025-11-21T11:23:11","modified_gmt":"2025-11-21T11:23:11","slug":"about","status":"publish","type":"page","link":"https:\/\/agiva.eu\/fr\/about\/","title":{"rendered":"\u00c0 propos"},"content":{"rendered":"<div class=\"wp-block-uagb-container uagb-block-1bae3a6f alignfull uagb-is-root-container\"><div class=\"uagb-container-inner-blocks-wrap\">\n<div class=\"wp-block-uagb-info-box uagb-block-58364634 uagb-infobox__content-wrap  uagb-infobox-icon-above-title uagb-infobox-image-valign-top\"><div class=\"uagb-ifb-content\"><div class=\"uagb-ifb-title-wrap\"><p class=\"uagb-ifb-title-prefix\">D\u00e9couvrez Agiva International<\/p><h1 class=\"uagb-ifb-title\">Leader des solutions de forage<\/h1><\/div><p class=\"uagb-ifb-desc\">\u00c9quipements de forage de premier ordre et syst\u00e8mes de recyclage des boues \u00e0 travers l\u2019Europe.<\/p><\/div><\/div>\n<\/div><\/div>\n\n\n\n<div class=\"wp-block-uagb-container uagb-block-f3acc4b3 alignfull uagb-is-root-container\"><div class=\"uagb-container-inner-blocks-wrap\">\n<div class=\"wp-block-uagb-container uagb-block-b93b5098\">\n<div class=\"wp-block-uagb-info-box uagb-block-b33b0804 uagb-infobox__content-wrap  uagb-infobox-icon-above-title uagb-infobox-image-valign-top\"><div class=\"uagb-ifb-content\"><div class=\"uagb-ifb-title-wrap\"><p class=\"uagb-ifb-title-prefix\">Notre engagement envers l\u2019excellence<\/p><h2 class=\"uagb-ifb-title\">Principes directeurs pour un avenir durable<\/h2><\/div><\/div><\/div>\n\n\n\n<div class=\"wp-block-uagb-container uagb-block-89fc5a53\">\n<div class=\"wp-block-uagb-info-box uagb-block-b296386a uagb-infobox__content-wrap  uagb-infobox-icon-above-title uagb-infobox-image-valign-top\"><div class=\"uagb-ifb-content\"><div class=\"uagb-ifb-icon-wrap\"><svg xmlns=\"https:\/\/www.w3.org\/2000\/svg\" viewbox=\"0 0 448 512\"><path d=\"M438.6 105.4C451.1 117.9 451.1 138.1 438.6 150.6L182.6 406.6C170.1 419.1 149.9 419.1 137.4 406.6L9.372 278.6C-3.124 266.1-3.124 245.9 9.372 233.4C21.87 220.9 42.13 220.9 54.63 233.4L159.1 338.7L393.4 105.4C405.9 92.88 426.1 92.88 438.6 105.4H438.6z\"><\/path><\/svg><\/div><div class=\"uagb-ifb-title-wrap\"><p class=\"uagb-ifb-title\">Notre vision<\/p><\/div><p class=\"uagb-ifb-desc\">\u00catre le principal fournisseur de technologies de forage avanc\u00e9es, garantissant une industrie plus propre, plus s\u00fbre et plus efficace \u00e0 l\u2019\u00e9chelle mondiale.<\/p><\/div><\/div>\n\n\n\n<div class=\"wp-block-uagb-info-box uagb-block-042b17f6 uagb-infobox__content-wrap  uagb-infobox-icon-above-title uagb-infobox-image-valign-top\"><div class=\"uagb-ifb-content\"><div class=\"uagb-ifb-icon-wrap\"><svg xmlns=\"https:\/\/www.w3.org\/2000\/svg\" viewbox=\"0 0 448 512\"><path d=\"M438.6 105.4C451.1 117.9 451.1 138.1 438.6 150.6L182.6 406.6C170.1 419.1 149.9 419.1 137.4 406.6L9.372 278.6C-3.124 266.1-3.124 245.9 9.372 233.4C21.87 220.9 42.13 220.9 54.63 233.4L159.1 338.7L393.4 105.4C405.9 92.88 426.1 92.88 438.6 105.4H438.6z\"><\/path><\/svg><\/div><div class=\"uagb-ifb-title-wrap\"><p class=\"uagb-ifb-title\">Notre mission<\/p><\/div><p class=\"uagb-ifb-desc\">Fournir des solutions innovantes de forage et de pompage tout en favorisant la durabilit\u00e9 environnementale et l\u2019efficacit\u00e9 op\u00e9rationnelle pour nos clients.<\/p><\/div><\/div>\n<\/div>\n<\/div>\n\n\n\n<div class=\"wp-block-uagb-container uagb-block-93ce7e38\">\n<div class=\"wp-block-uagb-image alignleft uagb-block-3e552795 wp-block-uagb-image--layout-default wp-block-uagb-image--effect-static wp-block-uagb-image--align-left\"><figure class=\"wp-block-uagb-image__figure\"><img decoding=\"async\" srcset=\"https:\/\/agiva.eu\/wp-content\/uploads\/2025\/05\/Leveringen-2020.jpg ,https:\/\/agiva.eu\/wp-content\/uploads\/2025\/05\/Leveringen-2020.jpg 780w, https:\/\/agiva.eu\/wp-content\/uploads\/2025\/05\/Leveringen-2020.jpg 360w\" sizes=\"auto, (max-width: 480px) 150px\" src=\"https:\/\/agiva.eu\/wp-content\/uploads\/2025\/05\/Leveringen-2020.jpg\" alt=\"\" class=\"uag-image-1772\" width=\"600\" height=\"750\" title=\"Leveringen 2020\" loading=\"lazy\" role=\"img\"\/><\/figure><\/div>\n<\/div>\n<\/div><\/div>\n\n\n\n<div class=\"wp-block-group is-layout-grid wp-container-core-group-is-layout-3721f5f0 wp-block-group-is-layout-grid\">\n<figure class=\"wp-block-image size-full is-resized has-custom-border is-style-rounded\"><img loading=\"lazy\" decoding=\"async\" width=\"600\" height=\"600\" src=\"https:\/\/agiva.eu\/wp-content\/uploads\/2025\/05\/active-regions.webp\" alt=\"\" class=\"wp-image-1828\" style=\"border-radius:15px;width:540px;height:auto\" srcset=\"https:\/\/agiva.eu\/wp-content\/uploads\/2025\/05\/active-regions.webp 600w, https:\/\/agiva.eu\/wp-content\/uploads\/2025\/05\/active-regions-300x300.webp 300w, https:\/\/agiva.eu\/wp-content\/uploads\/2025\/05\/active-regions-150x150.webp 150w, https:\/\/agiva.eu\/wp-content\/uploads\/2025\/05\/active-regions-500x500.webp 500w\" sizes=\"auto, (max-width: 600px) 100vw, 600px\" \/><\/figure>\n\n\n\n<div class=\"wp-block-uagb-container uagb-block-52283d16 alignfull uagb-is-root-container\"><div class=\"uagb-container-inner-blocks-wrap\">\n<div class=\"wp-block-uagb-info-box uagb-block-78725e56 uagb-infobox__content-wrap  uagb-infobox-icon-above-title uagb-infobox-image-valign-top\"><div class=\"uagb-ifb-content\"><div class=\"uagb-ifb-title-wrap\"><p class=\"uagb-ifb-title-prefix\">Couverture<\/p><h2 class=\"uagb-ifb-title\">R\u00e9gions de service actives<\/h2><\/div><\/div><\/div>\n\n\n\n<div class=\"wp-block-uagb-container uagb-block-4699eb69\">\n<div class=\"wp-block-uagb-info-box uagb-block-b3ddf86e uagb-infobox__content-wrap  uagb-infobox-icon-above-title uagb-infobox-image-valign-top\"><div class=\"uagb-ifb-content\"><div class=\"uagb-ifb-title-wrap\"><\/div><p class=\"uagb-ifb-desc\">Actuellement, nous op\u00e9rons dans le <strong>Benelux et France<\/strong>, et nous nous \u00e9tendons dans de nouvelles r\u00e9gions, engag\u00e9s \u00e0 soutenir nos clients partout o\u00f9 leur voyage les m\u00e8ne.<\/p><\/div><\/div>\n<\/div>\n<\/div><\/div>\n<\/div>\n\n\n\n<div class=\"wp-block-uagb-container uagb-block-3cb3bc87 alignfull uagb-is-root-container\"><div class=\"uagb-container-inner-blocks-wrap\">\n<div class=\"wp-block-uagb-info-box uagb-block-b3852649 uagb-infobox__content-wrap  uagb-infobox-icon-above-title uagb-infobox-image-valign-top\"><div class=\"uagb-ifb-content\"><div class=\"uagb-ifb-title-wrap\"><p class=\"uagb-ifb-title-prefix\">Notre histoire<\/p><h2 class=\"uagb-ifb-title\">Un h\u00e9ritage d\u2019innovation<\/h2><\/div><\/div><\/div>\n\n\n\n<div class=\"wp-block-columns is-layout-flex wp-container-core-columns-is-layout-28f84493 wp-block-columns-is-layout-flex\">\n<div class=\"wp-block-column is-layout-flow wp-block-column-is-layout-flow\" style=\"flex-basis:50%\">\n<div class=\"wp-block-uagb-image aligncenter uagb-block-460dd4b9 wp-block-uagb-image--layout-default wp-block-uagb-image--effect-static wp-block-uagb-image--align-center\"><figure class=\"wp-block-uagb-image__figure\"><img decoding=\"async\" srcset=\"https:\/\/agiva.eu\/wp-content\/uploads\/2025\/11\/Bert-Demasure_VELD-K-Agiva-print08-683x1024.jpg ,https:\/\/agiva.eu\/wp-content\/uploads\/2025\/11\/Bert-Demasure_VELD-K-Agiva-print08-scaled.jpg 780w, https:\/\/agiva.eu\/wp-content\/uploads\/2025\/11\/Bert-Demasure_VELD-K-Agiva-print08-scaled.jpg 360w\" sizes=\"auto, (max-width: 480px) 150px\" src=\"https:\/\/agiva.eu\/wp-content\/uploads\/2025\/11\/Bert-Demasure_VELD-K-Agiva-print08-683x1024.jpg\" alt=\"\" class=\"uag-image-4122\" width=\"1024\" height=\"512\" title=\"Bert Demasure_VELD K Agiva print08\" loading=\"lazy\" role=\"img\"\/><\/figure><\/div>\n<\/div>\n\n\n\n<div class=\"wp-block-column is-layout-flow wp-block-column-is-layout-flow\" style=\"flex-basis:50%\">\n<p>Dans le monde du forage, Agiva International offre le m\u00e9lange parfait de passion et d'expertise, soutenu par la fiabilit\u00e9 d'un <strong>entreprise familiale<\/strong>. Depuis 1973, Agiva est active dans la conception, la construction et la commercialisation de plates-formes de forage. Qu\u2019il s\u2019agisse de forage hydraulique, environnemental ou g\u00e9othermique, nous fournissons la machine sur mesure id\u00e9ale avec des \u00e9quipements adapt\u00e9s \u00e0 vos applications sp\u00e9cifiques.<\/p>\n\n\n\n<p>\u00c0 travers notre <strong>approche innovante et technique<\/strong>, combin\u00e9 avec un service apr\u00e8s-vente exceptionnel, nous aidons nos clients \u00e0 rendre leurs op\u00e9rations quotidiennes plus efficaces et productives. Depuis fin 2020, notre tout nouveau si\u00e8ge social est situ\u00e9 dans le <strong>Kunstberg<\/strong> zone industrielle en <strong>Eeklo<\/strong>.<\/p>\n\n\n\n<p>AGIVA International est \u00e9galement votre partenaire pour fournir toutes les n\u00e9cessit\u00e9s li\u00e9es au forage. Nous sommes fiers d'offrir une gamme compl\u00e8te de plates-formes, de bits, de marteaux et d'instruments. En outre, nous proposons une large s\u00e9lection de produits chimiques, d'additifs pour fluides de forage et de granul\u00e9s d'argile.<\/p>\n\n\n      \n\t\t\t<div class=\"uagb-icon-wrapper uagb-block-302470a0\"\n\t\t\tstyle=\"\" >\n\t\t\t\t\t\t\t\t\t<span class=\"uagb-svg-wrapper\" \n\t\t\t\t\t aria-label=\"Cercle de contr\u00f4le\"\t\t\t\t\ttabindex=\"0\">\t\t\n\t\t\t\t\t\t\t\t\t\t<svg xmlns=\"https:\/\/www.w3.org\/2000\/svg\" viewbox= \"0 0 512 512\" role=\"graphics-symbol\" aria-hidden=\"false\" aria-label=\"\"><path d=\"M0 256C0 114.6 114.6 0 256 0C397.4 0 512 114.6 512 256C512 397.4 397.4 512 256 512C114.6 512 0 397.4 0 256zM371.8 211.8C382.7 200.9 382.7 183.1 371.8 172.2C360.9 161.3 343.1 161.3 332.2 172.2L224 280.4L179.8 236.2C168.9 225.3 151.1 225.3 140.2 236.2C129.3 247.1 129.3 264.9 140.2 275.8L204.2 339.8C215.1 350.7 232.9 350.7 243.8 339.8L371.8 211.8z\"><\/path><\/svg>\n\t\t\t\t\t\t\t\t\t<\/span>\n\t\t\t\t\t\t\t<\/div>\n\t\t\t\n\n\n<div class=\"wp-block-uagb-image uagb-block-5bacb165 wp-block-uagb-image--layout-default wp-block-uagb-image--effect-static wp-block-uagb-image--align-none\"><figure class=\"wp-block-uagb-image__figure\"><img decoding=\"async\" srcset=\"https:\/\/agiva.eu\/wp-content\/uploads\/2025\/11\/DSC_0366-Verbeterd-NR-1-1024x683.jpg ,https:\/\/agiva.eu\/wp-content\/uploads\/2025\/11\/DSC_0366-Verbeterd-NR-1-scaled.jpg 780w, https:\/\/agiva.eu\/wp-content\/uploads\/2025\/11\/DSC_0366-Verbeterd-NR-1-scaled.jpg 360w\" sizes=\"auto, (max-width: 480px) 150px\" src=\"https:\/\/agiva.eu\/wp-content\/uploads\/2025\/11\/DSC_0366-Verbeterd-NR-1-1024x683.jpg\" alt=\"\" class=\"uag-image-4119\" width=\"588\" height=\"392\" title=\"DSC_0366-Verbeterd-NR\" loading=\"lazy\" role=\"img\"\/><\/figure><\/div>\n<\/div>\n<\/div>\n\n\n\n<div class=\"wp-block-uagb-container uagb-block-a07621ec\"><\/div>\n<\/div><\/div>\n\n\n\n<div class=\"wp-block-uagb-container uagb-block-ea6becb3 alignfull uagb-is-root-container\"><div class=\"uagb-container-inner-blocks-wrap\"><\/div><\/div>\n\n\n\n<div class=\"wp-block-uagb-container uagb-block-47e6ca19 alignfull uagb-is-root-container\"><div class=\"uagb-container-inner-blocks-wrap\">\n<div class=\"wp-block-uagb-container uagb-block-5d78b710\">\n<div class=\"wp-block-uagb-info-box uagb-block-339dde46 uagb-infobox__content-wrap  uagb-infobox-icon-above-title uagb-infobox-image-valign-top\"><div class=\"uagb-ifb-content\"><div class=\"uagb-ifb-title-wrap\"><h2 class=\"uagb-ifb-title\">Commencez avec Agiva d\u00e8s aujourd\u2019hui<\/h2><\/div><p class=\"uagb-ifb-desc\">Contactez-nous pour des solutions de forage sur mesure et un service exceptionnel.<\/p><div class=\"uagb-ifb-button-wrapper wp-block-button\"><a href=\"https:\/\/agiva.eu\/fr\/contact\/\" class=\"uagb-infobox-cta-link wp-block-button__link\" target=\"_self\" rel=\"noopener noreferrer\" onclick=\"return true;\"><span class=\"uagb-inline-editing\">Contactez-nous<\/span><\/a><\/div><\/div><\/div>\n<\/div>\n<\/div><\/div>\n\n\n\n<div class=\"wp-block-uagb-container uagb-block-43162312 alignfull uagb-is-root-container\"><div class=\"uagb-container-inner-blocks-wrap\"><\/div><\/div>\n\n\n\n<div class=\"wp-block-uagb-container uagb-block-97564b67 alignfull uagb-is-root-container\"><div class=\"uagb-container-inner-blocks-wrap\"><\/div><\/div>","protected":false},"excerpt":{"rendered":"<p>Dans le monde du forage, Agiva International offre le m\u00e9lange parfait de passion et d'expertise, soutenu par la fiabilit\u00e9 [...]<\/p>","protected":false},"author":1,"featured_media":0,"parent":0,"menu_order":0,"comment_status":"closed","ping_status":"closed","template":"","meta":{"_uag_custom_page_level_css":"","site-sidebar-layout":"default","site-content-layout":"","ast-site-content-layout":"normal-width-container","site-content-style":"default","site-sidebar-style":"default","ast-global-header-display":"","ast-banner-title-visibility":"","ast-main-header-display":"","ast-hfb-above-header-display":"","ast-hfb-below-header-display":"","ast-hfb-mobile-header-display":"","site-post-title":"disabled","ast-breadcrumbs-content":"","ast-featured-img":"","footer-sml-layout":"","ast-disable-related-posts":"","theme-transparent-header-meta":"enabled","adv-header-id-meta":"","stick-header-meta":"","header-above-stick-meta":"","header-main-stick-meta":"","header-below-stick-meta":"","astra-migrate-meta-layouts":"default","ast-page-background-enabled":"default","ast-page-background-meta":{"desktop":{"background-color":"var(--ast-global-color-4)","background-image":"","background-repeat":"repeat","background-position":"center center","background-size":"auto","background-attachment":"scroll","background-type":"","background-media":"","overlay-type":"","overlay-color":"","overlay-opacity":"","overlay-gradient":""},"tablet":{"background-color":"","background-image":"","background-repeat":"repeat","background-position":"center center","background-size":"auto","background-attachment":"scroll","background-type":"","background-media":"","overlay-type":"","overlay-color":"","overlay-opacity":"","overlay-gradient":""},"mobile":{"background-color":"","background-image":"","background-repeat":"repeat","background-position":"center center","background-size":"auto","background-attachment":"scroll","background-type":"","background-media":"","overlay-type":"","overlay-color":"","overlay-opacity":"","overlay-gradient":""}},"ast-content-background-meta":{"desktop":{"background-color":"var(--ast-global-color-5)","background-image":"","background-repeat":"repeat","background-position":"center center","background-size":"auto","background-attachment":"scroll","background-type":"","background-media":"","overlay-type":"","overlay-color":"","overlay-opacity":"","overlay-gradient":""},"tablet":{"background-color":"var(--ast-global-color-5)","background-image":"","background-repeat":"repeat","background-position":"center center","background-size":"auto","background-attachment":"scroll","background-type":"","background-media":"","overlay-type":"","overlay-color":"","overlay-opacity":"","overlay-gradient":""},"mobile":{"background-color":"var(--ast-global-color-5)","background-image":"","background-repeat":"repeat","background-position":"center center","background-size":"auto","background-attachment":"scroll","background-type":"","background-media":"","overlay-type":"","overlay-color":"","overlay-opacity":"","overlay-gradient":""}},"footnotes":""},"class_list":["post-12","page","type-page","status-publish","hentry"],"uagb_featured_image_src":{"full":false,"thumbnail":false,"medium":false,"medium_large":false,"large":false,"1536x1536":false,"2048x2048":false,"etm-custom-language-flag":false,"awb_sm":false,"awb_md":false,"awb_lg":false,"awb_xl":false},"uagb_author_info":{"display_name":"agiva","author_link":"https:\/\/agiva.eu\/fr\/author\/agiva\/"},"uagb_comment_info":0,"uagb_excerpt":"In the drilling world, Agiva International offers the perfect mix of passion and expertise, backed by the reliability of a [&hellip;]","_links":{"self":[{"href":"https:\/\/agiva.eu\/fr\/wp-json\/wp\/v2\/pages\/12","targetHints":{"allow":["GET"]}}],"collection":[{"href":"https:\/\/agiva.eu\/fr\/wp-json\/wp\/v2\/pages"}],"about":[{"href":"https:\/\/agiva.eu\/fr\/wp-json\/wp\/v2\/types\/page"}],"author":[{"embeddable":true,"href":"https:\/\/agiva.eu\/fr\/wp-json\/wp\/v2\/users\/1"}],"replies":[{"embeddable":true,"href":"https:\/\/agiva.eu\/fr\/wp-json\/wp\/v2\/comments?post=12"}],"version-history":[{"count":42,"href":"https:\/\/agiva.eu\/fr\/wp-json\/wp\/v2\/pages\/12\/revisions"}],"predecessor-version":[{"id":4177,"href":"https:\/\/agiva.eu\/fr\/wp-json\/wp\/v2\/pages\/12\/revisions\/4177"}],"wp:attachment":[{"href":"https:\/\/agiva.eu\/fr\/wp-json\/wp\/v2\/media?parent=12"}],"curies":[{"name":"wp","href":"https:\/\/api.w.org\/{rel}","templated":true}]}}