{"id":2617,"date":"2025-06-11T12:27:49","date_gmt":"2025-06-11T12:27:49","guid":{"rendered":"https:\/\/portal.agiva.eu\/?page_id=2617"},"modified":"2025-06-17T14:19:29","modified_gmt":"2025-06-17T14:19:29","slug":"multidrill-xl-170-t","status":"publish","type":"page","link":"https:\/\/agiva.eu\/fr\/solutions\/rigs\/multidrill-xl-170-t\/","title":{"rendered":"Multidrill XL 170 T"},"content":{"rendered":"<div style=\"height:50px\" aria-hidden=\"true\" class=\"wp-block-spacer\"><\/div>\n\n\n\n<h2 class=\"wp-block-heading\">Multidrill XL 170 T<\/h2>\n\n\n\n<div class=\"wp-block-uagb-container uagb-block-8a29a647 alignfull uagb-is-root-container\"><div class=\"uagb-container-inner-blocks-wrap\">\n<div class=\"wp-block-uagb-container uagb-block-fbaaa58d\">\n<div class=\"wp-block-uagb-container uagb-block-5c09c432\">\n<div class=\"wp-block-uagb-image uagb-block-9a955196 wp-block-uagb-image--layout-default wp-block-uagb-image--effect-static wp-block-uagb-image--align-none\"><figure class=\"wp-block-uagb-image__figure\"><img decoding=\"async\" srcset=\"https:\/\/agiva.eu\/wp-content\/uploads\/2025\/06\/multidrill-xl-170-t-771x1024.jpg ,https:\/\/agiva.eu\/wp-content\/uploads\/2025\/06\/multidrill-xl-170-t.jpg 780w, https:\/\/agiva.eu\/wp-content\/uploads\/2025\/06\/multidrill-xl-170-t.jpg 360w\" sizes=\"auto, (max-width: 480px) 150px\" src=\"https:\/\/agiva.eu\/wp-content\/uploads\/2025\/06\/multidrill-xl-170-t-771x1024.jpg\" alt=\"\" class=\"uag-image-2494\" width=\"771\" height=\"1024\" title=\"multidrill-xl-170-t\" loading=\"lazy\" role=\"img\"\/><\/figure><\/div>\n<\/div>\n<\/div>\n\n\n\n<div class=\"wp-block-uagb-container uagb-block-b72d8436\">\n<h3 class=\"wp-block-heading\"><strong>Vue d'ensemble<\/strong><\/h3>\n\n\n\n<p><strong>FRASTE MULTIDRILL XL 170 T<\/strong>&nbsp;plate-forme de forage mont\u00e9e sur porte-camion \u00e0 2 ou 3 essieux: plate-forme de forage compl\u00e8te, dynamique, multit\u00e2che et de haute qualit\u00e9... toutes les caract\u00e9ristiques de plate-forme de forage mont\u00e9e sur chenilles MULTIDRLL XL 170, sur raccord \u00abT\u00bb !<\/p>\n\n\n\n<p> Toujours pr\u00eat \u00e0 diff\u00e9rentes fins:&nbsp;<strong>g\u00e9otechnique, \u00e9tude des sols, carottage, g\u00e9othermie, consolidation des sols, micropiles et puits d'eau.&nbsp;<\/strong>Bien con\u00e7u pour \u00eatre \u00e9quip\u00e9 avec le bien connu et test\u00e9&nbsp;<strong>FRASTE \u00ab MANIPULATEUR \u00bb&nbsp;<\/strong>syst\u00e8me de chargement automatique des tuyaux de forage. Des normes de construction \u00e9lev\u00e9es et robustes, un syst\u00e8me hydraulique avant-gardiste et de grandes performances confirment le niveau de production de haute qualit\u00e9 de&nbsp;<strong>MULTIDRILL XL 170 T&nbsp;<\/strong>plate-forme de forage. Man\u0153uvrabilit\u00e9 et entretien faciles. La s\u00e9curit\u00e9 et la fonctionnalit\u00e9 parfaite sont assur\u00e9es conform\u00e9ment \u00e0 la directive europ\u00e9enne sur les machines et \u00e0 toutes les r\u00e8gles dans le domaine de la s\u00e9curit\u00e9 au travail et de la protection de l'environnement.<\/p>\n<\/div>\n\n\n\n<div class=\"wp-block-uagb-container uagb-block-ff8efcff\">\n<div class=\"wp-block-uagb-container uagb-block-bc8434e3\">\n<div class=\"wp-block-uagb-image uagb-block-242fbf26 wp-block-uagb-image--layout-default wp-block-uagb-image--effect-static wp-block-uagb-image--align-none\"><figure class=\"wp-block-uagb-image__figure\"><img decoding=\"async\" srcset=\"https:\/\/agiva.eu\/wp-content\/uploads\/2025\/06\/multidrill-xl-170-t1.jpg ,https:\/\/agiva.eu\/wp-content\/uploads\/2025\/06\/multidrill-xl-170-t1.jpg 780w, https:\/\/agiva.eu\/wp-content\/uploads\/2025\/06\/multidrill-xl-170-t1.jpg 360w\" sizes=\"auto, (max-width: 480px) 150px\" src=\"https:\/\/agiva.eu\/wp-content\/uploads\/2025\/06\/multidrill-xl-170-t1.jpg\" alt=\"\" class=\"uag-image-2932\" width=\"940\" height=\"593\" title=\"multidrill-xl-170-t1\" loading=\"lazy\" role=\"img\"\/><\/figure><\/div>\n<\/div>\n<\/div>\n\n\n\n<div class=\"wp-block-uagb-container uagb-block-1ce3ced4\">\n<h3 class=\"wp-block-heading\">Optionnel<\/h3>\n\n\n\n<ul class=\"wp-block-list\">\n<li>Treuil principal<\/li>\n\n\n\n<li>Treuil de ligne de fil<\/li>\n\n\n\n<li>Pompe triplex<\/li>\n\n\n\n<li>Pompe \u00e0 vis<\/li>\n\n\n\n<li>Pompe \u00e0 mousse<\/li>\n<\/ul>\n\n\n\n<p>D'autres articles optionnels sont disponibles sur demande pour une version hautement personnalis\u00e9e de la plate-forme.<\/p>\n<\/div>\n<\/div><\/div>\n\n\n\n<div class=\"wp-block-uagb-container uagb-block-c31adf56 alignfull uagb-is-root-container\"><div class=\"uagb-container-inner-blocks-wrap\">\n<h3 class=\"wp-block-heading\">Sp\u00e9cifications techniques<\/h3>\n\n\n\n<figure class=\"wp-block-table is-style-stripes\"><table class=\"has-fixed-layout\" style=\"border-style:none;border-width:0px\"><tbody><tr><td>\u2022 <strong>Puissance&nbsp;&nbsp;&nbsp;&nbsp;&nbsp;&nbsp;&nbsp;&nbsp;&nbsp;&nbsp;&nbsp;&nbsp;&nbsp;&nbsp;&nbsp;&nbsp;&nbsp;&nbsp;&nbsp;&nbsp;&nbsp;&nbsp;&nbsp;&nbsp;&nbsp;&nbsp;&nbsp;&nbsp;&nbsp;&nbsp;&nbsp;&nbsp;&nbsp;&nbsp;&nbsp;&nbsp;&nbsp;&nbsp;&nbsp;&nbsp;&nbsp;&nbsp;&nbsp;&nbsp;&nbsp;&nbsp;&nbsp;&nbsp;&nbsp;&nbsp;&nbsp;&nbsp;&nbsp;<\/strong><\/td><td>CAT C7.1 \u2013 Phase V \u2013 Niveau 4F \u2013 129 kW (173 Hp)<br>CAT C4.4 \u2013 Phase IIIA \u2013 Niveau 3 \u2013 129,4 Kw (173,5 Hp)<br>Prise de force du moteur de camion<\/td><\/tr><tr><td>\u2022 <strong>Course de t\u00eate rotative&nbsp;&nbsp;&nbsp;&nbsp;&nbsp;&nbsp;&nbsp;&nbsp;&nbsp;&nbsp;&nbsp;&nbsp;&nbsp;&nbsp;&nbsp;&nbsp;&nbsp;&nbsp;&nbsp;&nbsp;&nbsp;&nbsp;&nbsp;&nbsp;&nbsp;&nbsp;&nbsp;&nbsp;&nbsp;&nbsp;&nbsp;&nbsp;&nbsp;&nbsp;&nbsp;&nbsp;&nbsp;&nbsp;&nbsp;&nbsp;&nbsp;&nbsp;&nbsp;&nbsp;&nbsp;&nbsp;&nbsp;&nbsp;&nbsp;&nbsp;&nbsp;&nbsp;&nbsp;&nbsp;&nbsp;<\/strong><\/td><td>5700-6700 mm (18,7,5-19,7 ft)<\/td><\/tr><tr><td>\u2022 <strong><strong>Pull-up<\/strong>&nbsp;&nbsp;&nbsp;&nbsp;&nbsp;&nbsp;&nbsp;&nbsp;&nbsp;&nbsp;&nbsp;&nbsp;&nbsp;&nbsp;&nbsp;&nbsp;&nbsp;&nbsp;&nbsp;&nbsp;&nbsp;&nbsp;&nbsp;&nbsp;&nbsp;&nbsp;&nbsp;&nbsp;&nbsp;&nbsp;&nbsp;&nbsp;&nbsp;&nbsp;&nbsp;&nbsp;&nbsp;&nbsp; &nbsp;<\/strong><\/td><td>12000 daN (26977 lbf)<\/td><\/tr><tr><td>\u2022 <strong>Tirer vers le bas<\/strong><strong>&nbsp;&nbsp;&nbsp;&nbsp;&nbsp;&nbsp;&nbsp;&nbsp;&nbsp;&nbsp;&nbsp;&nbsp;&nbsp;&nbsp;&nbsp;&nbsp;&nbsp;&nbsp;&nbsp;&nbsp;&nbsp;&nbsp;&nbsp;&nbsp;&nbsp;&nbsp;&nbsp;&nbsp;&nbsp;&nbsp;&nbsp;&nbsp;&nbsp;&nbsp;&nbsp;&nbsp;&nbsp;&nbsp;&nbsp;&nbsp;&nbsp;&nbsp;&nbsp;&nbsp;&nbsp;&nbsp;&nbsp;&nbsp;&nbsp;&nbsp;&nbsp;&nbsp;&nbsp;&nbsp;&nbsp;&nbsp;&nbsp;&nbsp;&nbsp;&nbsp;&nbsp;&nbsp;&nbsp;&nbsp;&nbsp;&nbsp;&nbsp;&nbsp;&nbsp;&nbsp;&nbsp;&nbsp;&nbsp;&nbsp;&nbsp;&nbsp;&nbsp;&nbsp;&nbsp;<\/strong><\/td><td>6800 daN (15287 lbf)<\/td><\/tr><tr><td>\u2022 <strong>Couple maximal de la t\u00eate rotative&nbsp;&nbsp;&nbsp;&nbsp;&nbsp;&nbsp;&nbsp;&nbsp;&nbsp;&nbsp;&nbsp;&nbsp;&nbsp;&nbsp;&nbsp;&nbsp;&nbsp;&nbsp;&nbsp;&nbsp;&nbsp;&nbsp;&nbsp;<\/strong><\/td><td>1860 daNm (13718 ft lbf)<\/td><\/tr><tr><td>\u2022 <strong>Pince de serrage&nbsp;&nbsp;&nbsp;&nbsp;&nbsp;&nbsp;&nbsp;&nbsp;&nbsp;&nbsp;&nbsp;&nbsp;&nbsp;&nbsp;&nbsp;&nbsp;&nbsp;&nbsp;&nbsp;&nbsp;&nbsp;&nbsp;&nbsp;&nbsp;&nbsp;&nbsp;&nbsp;&nbsp;&nbsp;&nbsp;&nbsp;&nbsp;&nbsp;&nbsp;&nbsp;&nbsp;&nbsp;&nbsp;&nbsp;&nbsp;&nbsp;&nbsp;&nbsp;&nbsp;&nbsp;&nbsp;&nbsp;&nbsp;&nbsp;&nbsp;&nbsp;&nbsp;&nbsp;&nbsp;&nbsp;&nbsp;&nbsp;&nbsp;&nbsp;&nbsp;&nbsp;&nbsp;&nbsp;&nbsp;&nbsp;&nbsp;&nbsp;&nbsp;&nbsp;&nbsp;&nbsp;&nbsp;&nbsp;&nbsp;&nbsp;&nbsp;&nbsp;&nbsp;&nbsp;&nbsp;&nbsp;<\/strong><\/td><td>\u00d8 60-355 mm (2,3\u2032\u2032-14\u2032\u2032)<\/td><\/tr><tr><td>\u2022 <strong>Capacit\u00e9 nominale de forage<\/strong><\/td><td>250 mt (820 pi)<\/td><\/tr><\/tbody><\/table><\/figure>\n\n\n\n<div class=\"wp-block-buttons is-layout-flex wp-block-buttons-is-layout-flex\" style=\"margin-top:var(--wp--preset--spacing--20);margin-bottom:var(--wp--preset--spacing--20)\">\n<div class=\"wp-block-button\"><a class=\"wp-block-button__link wp-element-button\" href=\"https:\/\/agiva.eu\/wp-content\/uploads\/2025\/06\/FRASTE-MULTIDRILL-XL170T.pdf\">T\u00e9l\u00e9charger la brochure<\/a><\/div>\n<\/div>\n<\/div><\/div>\n\n\n\n<div style=\"height:50px\" aria-hidden=\"true\" class=\"wp-block-spacer\"><\/div>\n\n\n\t\t\t\t\t<div\n\t\t\t\t\t\tclass=\"wp-block-uagb-image-gallery uagb-block-e175e087\"\n\t\t\t\t\t\tstyle=\"\"\n\t\t\t\t\t>\n\t\t\t\t\t\t\t\t\t\t\t<div class=\"spectra-image-gallery spectra-image-gallery__layout--grid spectra-image-gallery__layout--grid-col-3 spectra-image-gallery__layout--grid-col-tab-3 spectra-image-gallery__layout--grid-col-mob-2\">\n\t\t\t\t\t\t\t\t\t\t\t<div class='spectra-image-gallery__media-wrapper' data-spectra-gallery-image-id='2938' tabindex=\"0\">\n\t\t\t\t\t\t\t<div class=\"spectra-image-gallery__media spectra-image-gallery__media--grid\">\n\t\t\t\t<picture>\n\t\t\t\t\t<source media=\"(min-width: 1024px)\" srcset=\"https:\/\/agiva.eu\/wp-content\/uploads\/2025\/06\/fraste_multidrill_xl170t_drilling_rig9.jpg\">\n\t\t\t\t\t<source media=\"(min-width: 768px)\" srcset=\"https:\/\/agiva.eu\/wp-content\/uploads\/2025\/06\/fraste_multidrill_xl170t_drilling_rig9.jpg\">\n\t\t\t\t\t<img decoding=\"async\" class=\"spectra-image-gallery__media-thumbnail spectra-image-gallery__media-thumbnail--grid\" src=\"https:\/\/agiva.eu\/wp-content\/uploads\/2025\/06\/fraste_multidrill_xl170t_drilling_rig9-300x200.jpg\" alt=\"\" loading=\"lazy\" \/>\n\t\t\t\t<\/picture>\n\t\t\t\t<div class=\"spectra-image-gallery__media-thumbnail-blurrer\"><\/div>\n\t\t\t\t\t\t\t\t\t\t\t<div class=\"spectra-image-gallery__media-thumbnail-caption-wrapper spectra-image-gallery__media-thumbnail-caption-wrapper--overlay\"><\/div>\n\t\t\t\t\t\t\t\t<\/div>\n\t\t\t\t\t\t<\/div>\n\t\t\t\t\t\t<div class='spectra-image-gallery__media-wrapper' data-spectra-gallery-image-id='2940' tabindex=\"0\">\n\t\t\t\t\t\t\t<div class=\"spectra-image-gallery__media spectra-image-gallery__media--grid\">\n\t\t\t\t<picture>\n\t\t\t\t\t<source media=\"(min-width: 1024px)\" srcset=\"https:\/\/agiva.eu\/wp-content\/uploads\/2025\/06\/fraste_multidrill_xl170t_drilling_rig7.jpg\">\n\t\t\t\t\t<source media=\"(min-width: 768px)\" srcset=\"https:\/\/agiva.eu\/wp-content\/uploads\/2025\/06\/fraste_multidrill_xl170t_drilling_rig7.jpg\">\n\t\t\t\t\t<img decoding=\"async\" class=\"spectra-image-gallery__media-thumbnail spectra-image-gallery__media-thumbnail--grid\" src=\"https:\/\/agiva.eu\/wp-content\/uploads\/2025\/06\/fraste_multidrill_xl170t_drilling_rig7-232x300.jpg\" alt=\"\" loading=\"lazy\" \/>\n\t\t\t\t<\/picture>\n\t\t\t\t<div class=\"spectra-image-gallery__media-thumbnail-blurrer\"><\/div>\n\t\t\t\t\t\t\t\t\t\t\t<div class=\"spectra-image-gallery__media-thumbnail-caption-wrapper spectra-image-gallery__media-thumbnail-caption-wrapper--overlay\"><\/div>\n\t\t\t\t\t\t\t\t<\/div>\n\t\t\t\t\t\t<\/div>\n\t\t\t\t\t\t<div class='spectra-image-gallery__media-wrapper' data-spectra-gallery-image-id='2937' tabindex=\"0\">\n\t\t\t\t\t\t\t<div class=\"spectra-image-gallery__media spectra-image-gallery__media--grid\">\n\t\t\t\t<picture>\n\t\t\t\t\t<source media=\"(min-width: 1024px)\" srcset=\"https:\/\/agiva.eu\/wp-content\/uploads\/2025\/06\/fraste_multidrill_xl170t_drilling_rig10.jpg\">\n\t\t\t\t\t<source media=\"(min-width: 768px)\" srcset=\"https:\/\/agiva.eu\/wp-content\/uploads\/2025\/06\/fraste_multidrill_xl170t_drilling_rig10.jpg\">\n\t\t\t\t\t<img decoding=\"async\" class=\"spectra-image-gallery__media-thumbnail spectra-image-gallery__media-thumbnail--grid\" src=\"https:\/\/agiva.eu\/wp-content\/uploads\/2025\/06\/fraste_multidrill_xl170t_drilling_rig10-300x200.jpg\" alt=\"\" loading=\"lazy\" \/>\n\t\t\t\t<\/picture>\n\t\t\t\t<div class=\"spectra-image-gallery__media-thumbnail-blurrer\"><\/div>\n\t\t\t\t\t\t\t\t\t\t\t<div class=\"spectra-image-gallery__media-thumbnail-caption-wrapper spectra-image-gallery__media-thumbnail-caption-wrapper--overlay\"><\/div>\n\t\t\t\t\t\t\t\t<\/div>\n\t\t\t\t\t\t<\/div>\n\t\t\t\t\t\t<div class='spectra-image-gallery__media-wrapper' data-spectra-gallery-image-id='2942' tabindex=\"0\">\n\t\t\t\t\t\t\t<div class=\"spectra-image-gallery__media spectra-image-gallery__media--grid\">\n\t\t\t\t<picture>\n\t\t\t\t\t<source media=\"(min-width: 1024px)\" srcset=\"https:\/\/agiva.eu\/wp-content\/uploads\/2025\/06\/fraste_multidrill_xl170t_drilling_rig5.jpg\">\n\t\t\t\t\t<source media=\"(min-width: 768px)\" srcset=\"https:\/\/agiva.eu\/wp-content\/uploads\/2025\/06\/fraste_multidrill_xl170t_drilling_rig5.jpg\">\n\t\t\t\t\t<img decoding=\"async\" class=\"spectra-image-gallery__media-thumbnail spectra-image-gallery__media-thumbnail--grid\" src=\"https:\/\/agiva.eu\/wp-content\/uploads\/2025\/06\/fraste_multidrill_xl170t_drilling_rig5-300x275.jpg\" alt=\"\" loading=\"lazy\" \/>\n\t\t\t\t<\/picture>\n\t\t\t\t<div class=\"spectra-image-gallery__media-thumbnail-blurrer\"><\/div>\n\t\t\t\t\t\t\t\t\t\t\t<div class=\"spectra-image-gallery__media-thumbnail-caption-wrapper spectra-image-gallery__media-thumbnail-caption-wrapper--overlay\"><\/div>\n\t\t\t\t\t\t\t\t<\/div>\n\t\t\t\t\t\t<\/div>\n\t\t\t\t\t\t<div class='spectra-image-gallery__media-wrapper' data-spectra-gallery-image-id='2939' tabindex=\"0\">\n\t\t\t\t\t\t\t<div class=\"spectra-image-gallery__media spectra-image-gallery__media--grid\">\n\t\t\t\t<picture>\n\t\t\t\t\t<source media=\"(min-width: 1024px)\" srcset=\"https:\/\/agiva.eu\/wp-content\/uploads\/2025\/06\/fraste_multidrill_xl170t_drilling_rig8.jpg\">\n\t\t\t\t\t<source media=\"(min-width: 768px)\" srcset=\"https:\/\/agiva.eu\/wp-content\/uploads\/2025\/06\/fraste_multidrill_xl170t_drilling_rig8.jpg\">\n\t\t\t\t\t<img decoding=\"async\" class=\"spectra-image-gallery__media-thumbnail spectra-image-gallery__media-thumbnail--grid\" src=\"https:\/\/agiva.eu\/wp-content\/uploads\/2025\/06\/fraste_multidrill_xl170t_drilling_rig8-237x300.jpg\" alt=\"\" loading=\"lazy\" \/>\n\t\t\t\t<\/picture>\n\t\t\t\t<div class=\"spectra-image-gallery__media-thumbnail-blurrer\"><\/div>\n\t\t\t\t\t\t\t\t\t\t\t<div class=\"spectra-image-gallery__media-thumbnail-caption-wrapper spectra-image-gallery__media-thumbnail-caption-wrapper--overlay\"><\/div>\n\t\t\t\t\t\t\t\t<\/div>\n\t\t\t\t\t\t<\/div>\n\t\t\t\t\t\t<div class='spectra-image-gallery__media-wrapper' data-spectra-gallery-image-id='2945' tabindex=\"0\">\n\t\t\t\t\t\t\t<div class=\"spectra-image-gallery__media spectra-image-gallery__media--grid\">\n\t\t\t\t<picture>\n\t\t\t\t\t<source media=\"(min-width: 1024px)\" srcset=\"https:\/\/agiva.eu\/wp-content\/uploads\/2025\/06\/fraste_multidrill_xl170t_drilling_rig2.jpg\">\n\t\t\t\t\t<source media=\"(min-width: 768px)\" srcset=\"https:\/\/agiva.eu\/wp-content\/uploads\/2025\/06\/fraste_multidrill_xl170t_drilling_rig2.jpg\">\n\t\t\t\t\t<img decoding=\"async\" class=\"spectra-image-gallery__media-thumbnail spectra-image-gallery__media-thumbnail--grid\" src=\"https:\/\/agiva.eu\/wp-content\/uploads\/2025\/06\/fraste_multidrill_xl170t_drilling_rig2-300x200.jpg\" alt=\"\" loading=\"lazy\" \/>\n\t\t\t\t<\/picture>\n\t\t\t\t<div class=\"spectra-image-gallery__media-thumbnail-blurrer\"><\/div>\n\t\t\t\t\t\t\t\t\t\t\t<div class=\"spectra-image-gallery__media-thumbnail-caption-wrapper spectra-image-gallery__media-thumbnail-caption-wrapper--overlay\"><\/div>\n\t\t\t\t\t\t\t\t<\/div>\n\t\t\t\t\t\t<\/div>\n\t\t\t\t\t\t<div class='spectra-image-gallery__media-wrapper' data-spectra-gallery-image-id='2944' tabindex=\"0\">\n\t\t\t\t\t\t\t<div class=\"spectra-image-gallery__media spectra-image-gallery__media--grid\">\n\t\t\t\t<picture>\n\t\t\t\t\t<source media=\"(min-width: 1024px)\" srcset=\"https:\/\/agiva.eu\/wp-content\/uploads\/2025\/06\/fraste_multidrill_xl170t_drilling_rig3.jpg\">\n\t\t\t\t\t<source media=\"(min-width: 768px)\" srcset=\"https:\/\/agiva.eu\/wp-content\/uploads\/2025\/06\/fraste_multidrill_xl170t_drilling_rig3.jpg\">\n\t\t\t\t\t<img decoding=\"async\" class=\"spectra-image-gallery__media-thumbnail spectra-image-gallery__media-thumbnail--grid\" src=\"https:\/\/agiva.eu\/wp-content\/uploads\/2025\/06\/fraste_multidrill_xl170t_drilling_rig3-300x225.jpg\" alt=\"\" loading=\"lazy\" \/>\n\t\t\t\t<\/picture>\n\t\t\t\t<div class=\"spectra-image-gallery__media-thumbnail-blurrer\"><\/div>\n\t\t\t\t\t\t\t\t\t\t\t<div class=\"spectra-image-gallery__media-thumbnail-caption-wrapper spectra-image-gallery__media-thumbnail-caption-wrapper--overlay\"><\/div>\n\t\t\t\t\t\t\t\t<\/div>\n\t\t\t\t\t\t<\/div>\n\t\t\t\t\t\t<div class='spectra-image-gallery__media-wrapper' data-spectra-gallery-image-id='2941' tabindex=\"0\">\n\t\t\t\t\t\t\t<div class=\"spectra-image-gallery__media spectra-image-gallery__media--grid\">\n\t\t\t\t<picture>\n\t\t\t\t\t<source media=\"(min-width: 1024px)\" srcset=\"https:\/\/agiva.eu\/wp-content\/uploads\/2025\/06\/fraste_multidrill_xl170t_drilling_rig6.jpg\">\n\t\t\t\t\t<source media=\"(min-width: 768px)\" srcset=\"https:\/\/agiva.eu\/wp-content\/uploads\/2025\/06\/fraste_multidrill_xl170t_drilling_rig6.jpg\">\n\t\t\t\t\t<img decoding=\"async\" class=\"spectra-image-gallery__media-thumbnail spectra-image-gallery__media-thumbnail--grid\" src=\"https:\/\/agiva.eu\/wp-content\/uploads\/2025\/06\/fraste_multidrill_xl170t_drilling_rig6-300x225.jpg\" alt=\"\" loading=\"lazy\" \/>\n\t\t\t\t<\/picture>\n\t\t\t\t<div class=\"spectra-image-gallery__media-thumbnail-blurrer\"><\/div>\n\t\t\t\t\t\t\t\t\t\t\t<div class=\"spectra-image-gallery__media-thumbnail-caption-wrapper spectra-image-gallery__media-thumbnail-caption-wrapper--overlay\"><\/div>\n\t\t\t\t\t\t\t\t<\/div>\n\t\t\t\t\t\t<\/div>\n\t\t\t\t\t\t<div class='spectra-image-gallery__media-wrapper' data-spectra-gallery-image-id='2943' tabindex=\"0\">\n\t\t\t\t\t\t\t<div class=\"spectra-image-gallery__media spectra-image-gallery__media--grid\">\n\t\t\t\t<picture>\n\t\t\t\t\t<source media=\"(min-width: 1024px)\" srcset=\"https:\/\/agiva.eu\/wp-content\/uploads\/2025\/06\/fraste_multidrill_xl170t_drilling_rig4.jpg\">\n\t\t\t\t\t<source media=\"(min-width: 768px)\" srcset=\"https:\/\/agiva.eu\/wp-content\/uploads\/2025\/06\/fraste_multidrill_xl170t_drilling_rig4.jpg\">\n\t\t\t\t\t<img decoding=\"async\" class=\"spectra-image-gallery__media-thumbnail spectra-image-gallery__media-thumbnail--grid\" src=\"https:\/\/agiva.eu\/wp-content\/uploads\/2025\/06\/fraste_multidrill_xl170t_drilling_rig4-300x255.jpg\" alt=\"\" loading=\"lazy\" \/>\n\t\t\t\t<\/picture>\n\t\t\t\t<div class=\"spectra-image-gallery__media-thumbnail-blurrer\"><\/div>\n\t\t\t\t\t\t\t\t\t\t\t<div class=\"spectra-image-gallery__media-thumbnail-caption-wrapper spectra-image-gallery__media-thumbnail-caption-wrapper--overlay\"><\/div>\n\t\t\t\t\t\t\t\t<\/div>\n\t\t\t\t\t\t<\/div>\n\t\t\t\t\t\t<div class='spectra-image-gallery__media-wrapper' data-spectra-gallery-image-id='2946' tabindex=\"0\">\n\t\t\t\t\t\t\t<div class=\"spectra-image-gallery__media spectra-image-gallery__media--grid\">\n\t\t\t\t<picture>\n\t\t\t\t\t<source media=\"(min-width: 1024px)\" srcset=\"https:\/\/agiva.eu\/wp-content\/uploads\/2025\/06\/fraste_multidrill_xl170t_drilling_rig1.jpg\">\n\t\t\t\t\t<source media=\"(min-width: 768px)\" srcset=\"https:\/\/agiva.eu\/wp-content\/uploads\/2025\/06\/fraste_multidrill_xl170t_drilling_rig1.jpg\">\n\t\t\t\t\t<img decoding=\"async\" class=\"spectra-image-gallery__media-thumbnail spectra-image-gallery__media-thumbnail--grid\" src=\"https:\/\/agiva.eu\/wp-content\/uploads\/2025\/06\/fraste_multidrill_xl170t_drilling_rig1-298x300.jpg\" alt=\"\" loading=\"lazy\" \/>\n\t\t\t\t<\/picture>\n\t\t\t\t<div class=\"spectra-image-gallery__media-thumbnail-blurrer\"><\/div>\n\t\t\t\t\t\t\t\t\t\t\t<div class=\"spectra-image-gallery__media-thumbnail-caption-wrapper spectra-image-gallery__media-thumbnail-caption-wrapper--overlay\"><\/div>\n\t\t\t\t\t\t\t\t<\/div>\n\t\t\t\t\t\t<\/div>\n\t\t\t\t\t\t\t\t\t\t<\/div>\n\t\t\t\t\t\t\t\t\t\t\t\t\t\t\t\t\t\t<\/div>\n\t\t\t\t\t\t\t\t\t\n\n\n<div style=\"height:50px\" aria-hidden=\"true\" class=\"wp-block-spacer\"><\/div>","protected":false},"excerpt":{"rendered":"<p>Multidrill XL 170 T Vue d'ensemble FRASTE MULTIDRILL XL 170 T plate-forme de forage mont\u00e9 sur 2 ou 3 essieux transporteur de camion: compl\u00e8te, [...]<\/p>","protected":false},"author":1,"featured_media":0,"parent":269,"menu_order":0,"comment_status":"closed","ping_status":"closed","template":"","meta":{"_uag_custom_page_level_css":"","site-sidebar-layout":"default","site-content-layout":"","ast-site-content-layout":"","site-content-style":"default","site-sidebar-style":"default","ast-global-header-display":"","ast-banner-title-visibility":"","ast-main-header-display":"","ast-hfb-above-header-display":"","ast-hfb-below-header-display":"","ast-hfb-mobile-header-display":"","site-post-title":"disabled","ast-breadcrumbs-content":"","ast-featured-img":"","footer-sml-layout":"","ast-disable-related-posts":"","theme-transparent-header-meta":"","adv-header-id-meta":"","stick-header-meta":"","header-above-stick-meta":"","header-main-stick-meta":"","header-below-stick-meta":"","astra-migrate-meta-layouts":"default","ast-page-background-enabled":"default","ast-page-background-meta":{"desktop":{"background-color":"var(--ast-global-color-4)","background-image":"","background-repeat":"repeat","background-position":"center center","background-size":"auto","background-attachment":"scroll","background-type":"","background-media":"","overlay-type":"","overlay-color":"","overlay-opacity":"","overlay-gradient":""},"tablet":{"background-color":"","background-image":"","background-repeat":"repeat","background-position":"center center","background-size":"auto","background-attachment":"scroll","background-type":"","background-media":"","overlay-type":"","overlay-color":"","overlay-opacity":"","overlay-gradient":""},"mobile":{"background-color":"","background-image":"","background-repeat":"repeat","background-position":"center center","background-size":"auto","background-attachment":"scroll","background-type":"","background-media":"","overlay-type":"","overlay-color":"","overlay-opacity":"","overlay-gradient":""}},"ast-content-background-meta":{"desktop":{"background-color":"var(--ast-global-color-5)","background-image":"","background-repeat":"repeat","background-position":"center center","background-size":"auto","background-attachment":"scroll","background-type":"","background-media":"","overlay-type":"","overlay-color":"","overlay-opacity":"","overlay-gradient":""},"tablet":{"background-color":"var(--ast-global-color-5)","background-image":"","background-repeat":"repeat","background-position":"center center","background-size":"auto","background-attachment":"scroll","background-type":"","background-media":"","overlay-type":"","overlay-color":"","overlay-opacity":"","overlay-gradient":""},"mobile":{"background-color":"var(--ast-global-color-5)","background-image":"","background-repeat":"repeat","background-position":"center center","background-size":"auto","background-attachment":"scroll","background-type":"","background-media":"","overlay-type":"","overlay-color":"","overlay-opacity":"","overlay-gradient":""}},"footnotes":""},"class_list":["post-2617","page","type-page","status-publish","hentry"],"uagb_featured_image_src":{"full":false,"thumbnail":false,"medium":false,"medium_large":false,"large":false,"1536x1536":false,"2048x2048":false,"etm-custom-language-flag":false,"awb_sm":false,"awb_md":false,"awb_lg":false,"awb_xl":false},"uagb_author_info":{"display_name":"agiva","author_link":"https:\/\/agiva.eu\/fr\/author\/agiva\/"},"uagb_comment_info":0,"uagb_excerpt":"Multidrill XL 170 T Overview FRASTE MULTIDRILL XL 170 T&nbsp;drilling rig mounted on 2 or 3 axles truck carrier: complete, [&hellip;]","_links":{"self":[{"href":"https:\/\/agiva.eu\/fr\/wp-json\/wp\/v2\/pages\/2617","targetHints":{"allow":["GET"]}}],"collection":[{"href":"https:\/\/agiva.eu\/fr\/wp-json\/wp\/v2\/pages"}],"about":[{"href":"https:\/\/agiva.eu\/fr\/wp-json\/wp\/v2\/types\/page"}],"author":[{"embeddable":true,"href":"https:\/\/agiva.eu\/fr\/wp-json\/wp\/v2\/users\/1"}],"replies":[{"embeddable":true,"href":"https:\/\/agiva.eu\/fr\/wp-json\/wp\/v2\/comments?post=2617"}],"version-history":[{"count":6,"href":"https:\/\/agiva.eu\/fr\/wp-json\/wp\/v2\/pages\/2617\/revisions"}],"predecessor-version":[{"id":3072,"href":"https:\/\/agiva.eu\/fr\/wp-json\/wp\/v2\/pages\/2617\/revisions\/3072"}],"up":[{"embeddable":true,"href":"https:\/\/agiva.eu\/fr\/wp-json\/wp\/v2\/pages\/269"}],"wp:attachment":[{"href":"https:\/\/agiva.eu\/fr\/wp-json\/wp\/v2\/media?parent=2617"}],"curies":[{"name":"wp","href":"https:\/\/api.w.org\/{rel}","templated":true}]}}