{"id":3226,"date":"2025-06-18T06:34:32","date_gmt":"2025-06-18T06:34:32","guid":{"rendered":"https:\/\/agiva.eu\/?page_id=3226"},"modified":"2025-06-18T06:39:54","modified_gmt":"2025-06-18T06:39:54","slug":"mx-140","status":"publish","type":"page","link":"https:\/\/agiva.eu\/fr\/solutions\/rigs\/mx-140\/","title":{"rendered":"MX 140"},"content":{"rendered":"<div style=\"height:50px\" aria-hidden=\"true\" class=\"wp-block-spacer\"><\/div>\n\n\n\n<h2 class=\"wp-block-heading\">MX 140<\/h2>\n\n\n\n<div class=\"wp-block-uagb-container uagb-block-8a29a647 alignfull uagb-is-root-container\"><div class=\"uagb-container-inner-blocks-wrap\">\n<div class=\"wp-block-uagb-container uagb-block-fbaaa58d\">\n<div class=\"wp-block-uagb-container uagb-block-5c09c432\">\n<div class=\"wp-block-uagb-image uagb-block-9a955196 wp-block-uagb-image--layout-default wp-block-uagb-image--effect-static wp-block-uagb-image--align-none\"><figure class=\"wp-block-uagb-image__figure\"><img decoding=\"async\" srcset=\"https:\/\/agiva.eu\/wp-content\/uploads\/2025\/06\/mx140antenna.jpg ,https:\/\/agiva.eu\/wp-content\/uploads\/2025\/06\/mx140antenna.jpg 780w, https:\/\/agiva.eu\/wp-content\/uploads\/2025\/06\/mx140antenna.jpg 360w\" sizes=\"auto, (max-width: 480px) 150px\" src=\"https:\/\/agiva.eu\/wp-content\/uploads\/2025\/06\/mx140antenna.jpg\" alt=\"\" class=\"uag-image-3228\" width=\"771\" height=\"1024\" title=\"mx140antenna\" loading=\"lazy\" role=\"img\"\/><\/figure><\/div>\n<\/div>\n<\/div>\n\n\n\n<div class=\"wp-block-uagb-container uagb-block-b72d8436\">\n<h3 class=\"wp-block-heading\"><strong>Vue d'ensemble<\/strong><\/h3>\n\n\n\n<p>Toutes les plates-formes de la s\u00e9rie FRASTE MX peuvent \u00eatre pr\u00e9par\u00e9es pour le carottage au diamant, la circulation inverse et le forage de carottes d'air, du forage vertical au forage angulaire \u00e0 45 \u00b0. Tous peuvent \u00eatre pr\u00e9par\u00e9s comme de v\u00e9ritables plateaux polyvalents, avec de nombreuses options disponibles. Tous les mod\u00e8les peuvent \u00eatre \u00e9quip\u00e9s du c\u00e9l\u00e8bre manipulateur de tiges automatiques Fraste \u00abManipulator\u00bb pour une manipulation pratique, rapide et s\u00fbre des tuyaux de forage, ainsi que du manipulateur de f\u00fbts \u00e0 noyau automatique pour une man\u0153uvre compl\u00e8te de f\u00fbts \u00e0 main libre.<\/p>\n<\/div>\n\n\n\n<div class=\"wp-block-uagb-container uagb-block-ff8efcff\">\n<div class=\"wp-block-uagb-container uagb-block-bc8434e3\">\n<div class=\"wp-block-uagb-image uagb-block-242fbf26 wp-block-uagb-image--layout-default wp-block-uagb-image--effect-static wp-block-uagb-image--align-none\"><figure class=\"wp-block-uagb-image__figure\"><img decoding=\"async\" srcset=\"https:\/\/agiva.eu\/wp-content\/uploads\/2025\/06\/mx140trasporto.jpg ,https:\/\/agiva.eu\/wp-content\/uploads\/2025\/06\/mx140trasporto.jpg 780w, https:\/\/agiva.eu\/wp-content\/uploads\/2025\/06\/mx140trasporto.jpg 360w\" sizes=\"auto, (max-width: 480px) 150px\" src=\"https:\/\/agiva.eu\/wp-content\/uploads\/2025\/06\/mx140trasporto.jpg\" alt=\"\" class=\"uag-image-3227\" width=\"940\" height=\"593\" title=\"mx140trasporto\" loading=\"lazy\" role=\"img\"\/><\/figure><\/div>\n<\/div>\n<\/div>\n\n\n\n<div class=\"wp-block-uagb-container uagb-block-1ce3ced4\">\n<h3 class=\"wp-block-heading\">Optionnel<\/h3>\n\n\n\n<ul class=\"wp-block-list\">\n<li>Treuil principal<\/li>\n\n\n\n<li>Treuil de ligne de fil<\/li>\n\n\n\n<li>Pompe triplex<\/li>\n\n\n\n<li>Pompe \u00e0 mousse<\/li>\n\n\n\n<li>Lubrificateur de ligne<\/li>\n\n\n\n<li>KIT de circulation inverse<\/li>\n\n\n\n<li>Collecteur de ciclone<\/li>\n<\/ul>\n\n\n\n<p>D'autres articles optionnels sont disponibles sur demande pour une version hautement personnalis\u00e9e de la plate-forme.<\/p>\n<\/div>\n<\/div><\/div>\n\n\n\n<div class=\"wp-block-uagb-container uagb-block-c31adf56 alignfull uagb-is-root-container\"><div class=\"uagb-container-inner-blocks-wrap\">\n<h3 class=\"wp-block-heading\">Sp\u00e9cifications techniques<\/h3>\n\n\n\n<figure class=\"wp-block-table is-style-stripes\"><table class=\"has-fixed-layout\" style=\"border-style:none;border-width:0px\"><tbody><tr><td>\u2022 <strong>Puissance&nbsp;&nbsp;&nbsp;&nbsp;&nbsp;&nbsp;&nbsp;&nbsp;&nbsp;&nbsp;&nbsp;&nbsp;&nbsp;&nbsp;&nbsp;&nbsp;&nbsp;&nbsp;&nbsp;&nbsp;&nbsp;&nbsp;&nbsp;&nbsp;&nbsp;&nbsp;&nbsp;&nbsp;&nbsp;&nbsp;&nbsp;&nbsp;&nbsp;&nbsp;&nbsp;&nbsp;&nbsp;&nbsp;&nbsp;&nbsp;&nbsp;&nbsp;&nbsp;&nbsp;&nbsp;&nbsp;&nbsp;&nbsp;&nbsp;&nbsp;&nbsp;&nbsp;&nbsp;<\/strong><\/td><td>CAT C4.4 \u2013 Phase V \u2013 Niveau 4F \u2013 110 kW (148 Hp)<br>CAT C4.4 \u2013 Phase IIIA \u2013 Niveau 3 \u2013 106 Kw (142 Hp)<\/td><\/tr><tr><td>\u2022 <strong>AVC d'alimentation\u00a0\u00a0\u00a0\u00a0\u00a0\u00a0\u00a0\u00a0\u00a0\u00a0\u00a0\u00a0\u00a0\u00a0\u00a0\u00a0\u00a0\u00a0\u00a0\u00a0\u00a0\u00a0\u00a0\u00a0\u00a0\u00a0\u00a0\u00a0\u00a0\u00a0\u00a0\u00a0\u00a0\u00a0\u00a0\u00a0\u00a0\u00a0\u00a0\u00a0\u00a0\u00a0\u00a0\u00a0\u00a0\u00a0\u00a0\u00a0\u00a0\u00a0\u00a0\u00a0\u00a0\u00a0\u00a0<\/strong><\/td><td>3700 mm (12,1 ft)<\/td><\/tr><tr><td>\u2022 <strong><strong>Pull-up<\/strong>&nbsp;&nbsp;&nbsp;&nbsp;&nbsp;&nbsp;&nbsp;&nbsp;&nbsp;&nbsp;&nbsp;&nbsp;&nbsp;&nbsp;&nbsp;&nbsp;&nbsp;&nbsp;&nbsp;&nbsp;&nbsp;&nbsp;&nbsp;&nbsp;&nbsp;&nbsp;&nbsp;&nbsp;&nbsp;&nbsp;&nbsp;&nbsp;&nbsp;&nbsp;&nbsp;&nbsp;&nbsp;&nbsp; &nbsp;<\/strong><\/td><td>10000 daN (22480 lbf)<\/td><\/tr><tr><td>\u2022 <strong>Tirer vers le bas<\/strong><strong>&nbsp;&nbsp;&nbsp;&nbsp;&nbsp;&nbsp;&nbsp;&nbsp;&nbsp;&nbsp;&nbsp;&nbsp;&nbsp;&nbsp;&nbsp;&nbsp;&nbsp;&nbsp;&nbsp;&nbsp;&nbsp;&nbsp;&nbsp;&nbsp;&nbsp;&nbsp;&nbsp;&nbsp;&nbsp;&nbsp;&nbsp;&nbsp;&nbsp;&nbsp;&nbsp;&nbsp;&nbsp;&nbsp;&nbsp;&nbsp;&nbsp;&nbsp;&nbsp;&nbsp;&nbsp;&nbsp;&nbsp;&nbsp;&nbsp;&nbsp;&nbsp;&nbsp;&nbsp;&nbsp;&nbsp;&nbsp;&nbsp;&nbsp;&nbsp;&nbsp;&nbsp;&nbsp;&nbsp;&nbsp;&nbsp;&nbsp;&nbsp;&nbsp;&nbsp;&nbsp;&nbsp;&nbsp;&nbsp;&nbsp;&nbsp;&nbsp;&nbsp;&nbsp;&nbsp;<\/strong><\/td><td>6800 daN (15287 lbf)<\/td><\/tr><tr><td>\u2022 <strong>Couple rotatif et plage de vitesse W\/L\u00a0\u00a0\u00a0\u00a0\u00a0\u00a0\u00a0\u00a0\u00a0\u00a0\u00a0\u00a0\u00a0\u00a0\u00a0\u00a0\u00a0\u00a0\u00a0\u00a0\u00a0\u00a0<\/strong><\/td><td>daNm 490\u00f71600 (3614\u00f711800 ft lbf) \u2013 tpm 450\u00f71250<\/td><\/tr><tr><td>\u2022 <strong>Couple rotatif et plage de vitesse R.C.<\/strong><\/td><td>daNm 800\u00f71700 (5900\u00f712538 ft lbf) \u2013 rpm 100\u00f7200<\/td><\/tr><tr><td>\u2022 <strong>Capacit\u00e9 nominale de forage W.L. HQ<\/strong><\/td><td>625 m<\/td><\/tr><\/tbody><\/table><\/figure>\n\n\n\n<div class=\"wp-block-buttons is-layout-flex wp-block-buttons-is-layout-flex\" style=\"margin-top:var(--wp--preset--spacing--20);margin-bottom:var(--wp--preset--spacing--20)\">\n<div class=\"wp-block-button\"><a class=\"wp-block-button__link wp-element-button\" href=\"https:\/\/agiva.eu\/wp-content\/uploads\/2025\/06\/FRASTE_MX140.pdf\">T\u00e9l\u00e9charger la brochure<\/a><\/div>\n<\/div>\n<\/div><\/div>\n\n\n\n<div style=\"height:50px\" aria-hidden=\"true\" class=\"wp-block-spacer\"><\/div>\n\n\n\t\t\t\t\t<div\n\t\t\t\t\t\tclass=\"wp-block-uagb-image-gallery uagb-block-e175e087\"\n\t\t\t\t\t\tstyle=\"\"\n\t\t\t\t\t>\n\t\t\t\t\t\t\t\t\t\t\t<div class=\"spectra-image-gallery spectra-image-gallery__layout--tiled spectra-image-gallery__layout--tiled-col-2 spectra-image-gallery__layout--tiled-col-tab-3 spectra-image-gallery__layout--tiled-col-mob-2\">\n\t\t\t\t\t\t\t\t\t\t\t<div class='spectra-image-gallery__media-wrapper' data-spectra-gallery-image-id='3233' tabindex=\"0\">\n\t\t\t\t\t\t\t<div class=\"spectra-image-gallery__media spectra-image-gallery__media--tiled\">\n\t\t\t\t<picture>\n\t\t\t\t\t<source media=\"(min-width: 1024px)\" srcset=\"https:\/\/agiva.eu\/wp-content\/uploads\/2025\/06\/fraste_mx140_drillrig_1.jpg\">\n\t\t\t\t\t<source media=\"(min-width: 768px)\" srcset=\"https:\/\/agiva.eu\/wp-content\/uploads\/2025\/06\/fraste_mx140_drillrig_1.jpg\">\n\t\t\t\t\t<img decoding=\"async\" class=\"spectra-image-gallery__media-thumbnail spectra-image-gallery__media-thumbnail--tiled\" src=\"https:\/\/agiva.eu\/wp-content\/uploads\/2025\/06\/fraste_mx140_drillrig_1-300x225.jpg\" alt=\"\" loading=\"lazy\" \/>\n\t\t\t\t<\/picture>\n\t\t\t\t<div class=\"spectra-image-gallery__media-thumbnail-blurrer\"><\/div>\n\t\t\t\t\t\t\t\t\t\t\t<div class=\"spectra-image-gallery__media-thumbnail-caption-wrapper spectra-image-gallery__media-thumbnail-caption-wrapper--overlay\"><\/div>\n\t\t\t\t\t\t\t\t<\/div>\n\t\t\t\t\t\t<\/div>\n\t\t\t\t\t\t<div class='spectra-image-gallery__media-wrapper' data-spectra-gallery-image-id='3234' tabindex=\"0\">\n\t\t\t\t\t\t\t<div class=\"spectra-image-gallery__media spectra-image-gallery__media--tiled\">\n\t\t\t\t<picture>\n\t\t\t\t\t<source media=\"(min-width: 1024px)\" srcset=\"https:\/\/agiva.eu\/wp-content\/uploads\/2025\/06\/fraste_mx140_drillrig_4.jpg\">\n\t\t\t\t\t<source media=\"(min-width: 768px)\" srcset=\"https:\/\/agiva.eu\/wp-content\/uploads\/2025\/06\/fraste_mx140_drillrig_4.jpg\">\n\t\t\t\t\t<img decoding=\"async\" class=\"spectra-image-gallery__media-thumbnail spectra-image-gallery__media-thumbnail--tiled\" src=\"https:\/\/agiva.eu\/wp-content\/uploads\/2025\/06\/fraste_mx140_drillrig_4-300x225.jpg\" alt=\"\" loading=\"lazy\" \/>\n\t\t\t\t<\/picture>\n\t\t\t\t<div class=\"spectra-image-gallery__media-thumbnail-blurrer\"><\/div>\n\t\t\t\t\t\t\t\t\t\t\t<div class=\"spectra-image-gallery__media-thumbnail-caption-wrapper spectra-image-gallery__media-thumbnail-caption-wrapper--overlay\"><\/div>\n\t\t\t\t\t\t\t\t<\/div>\n\t\t\t\t\t\t<\/div>\n\t\t\t\t\t\t<div class='spectra-image-gallery__media-wrapper' data-spectra-gallery-image-id='3235' tabindex=\"0\">\n\t\t\t\t\t\t\t<div class=\"spectra-image-gallery__media spectra-image-gallery__media--tiled\">\n\t\t\t\t<picture>\n\t\t\t\t\t<source media=\"(min-width: 1024px)\" srcset=\"https:\/\/agiva.eu\/wp-content\/uploads\/2025\/06\/fraste_mx140_drillrig_3.jpg\">\n\t\t\t\t\t<source media=\"(min-width: 768px)\" srcset=\"https:\/\/agiva.eu\/wp-content\/uploads\/2025\/06\/fraste_mx140_drillrig_3.jpg\">\n\t\t\t\t\t<img decoding=\"async\" class=\"spectra-image-gallery__media-thumbnail spectra-image-gallery__media-thumbnail--tiled\" src=\"https:\/\/agiva.eu\/wp-content\/uploads\/2025\/06\/fraste_mx140_drillrig_3-300x225.jpg\" alt=\"\" loading=\"lazy\" \/>\n\t\t\t\t<\/picture>\n\t\t\t\t<div class=\"spectra-image-gallery__media-thumbnail-blurrer\"><\/div>\n\t\t\t\t\t\t\t\t\t\t\t<div class=\"spectra-image-gallery__media-thumbnail-caption-wrapper spectra-image-gallery__media-thumbnail-caption-wrapper--overlay\"><\/div>\n\t\t\t\t\t\t\t\t<\/div>\n\t\t\t\t\t\t<\/div>\n\t\t\t\t\t\t<div class='spectra-image-gallery__media-wrapper' data-spectra-gallery-image-id='3236' tabindex=\"0\">\n\t\t\t\t\t\t\t<div class=\"spectra-image-gallery__media spectra-image-gallery__media--tiled\">\n\t\t\t\t<picture>\n\t\t\t\t\t<source media=\"(min-width: 1024px)\" srcset=\"https:\/\/agiva.eu\/wp-content\/uploads\/2025\/06\/fraste_mx140_drillrig_2-918x1024.jpg\">\n\t\t\t\t\t<source media=\"(min-width: 768px)\" srcset=\"https:\/\/agiva.eu\/wp-content\/uploads\/2025\/06\/fraste_mx140_drillrig_2-918x1024.jpg\">\n\t\t\t\t\t<img decoding=\"async\" class=\"spectra-image-gallery__media-thumbnail spectra-image-gallery__media-thumbnail--tiled\" src=\"https:\/\/agiva.eu\/wp-content\/uploads\/2025\/06\/fraste_mx140_drillrig_2-269x300.jpg\" alt=\"\" loading=\"lazy\" \/>\n\t\t\t\t<\/picture>\n\t\t\t\t<div class=\"spectra-image-gallery__media-thumbnail-blurrer\"><\/div>\n\t\t\t\t\t\t\t\t\t\t\t<div class=\"spectra-image-gallery__media-thumbnail-caption-wrapper spectra-image-gallery__media-thumbnail-caption-wrapper--overlay\"><\/div>\n\t\t\t\t\t\t\t\t<\/div>\n\t\t\t\t\t\t<\/div>\n\t\t\t\t\t\t\t\t\t\t\t<div class=\"spectra-image-gallery__media-sizer\"><\/div>\n\t\t\t\t\t\t\t<\/div>\n\t\t\t\t\t\t\t\t\t\t\t<\/div>\n\t\t\t\t\t\t\t\t\t\n\n\n<div style=\"height:50px\" aria-hidden=\"true\" class=\"wp-block-spacer\"><\/div>","protected":false},"excerpt":{"rendered":"<p>MX 140 Vue d'ensemble Toutes les plates-formes de la s\u00e9rie FRASTE MX peuvent \u00eatre pr\u00e9par\u00e9es pour le carottage au diamant, la circulation inverse et le forage [...]<\/p>","protected":false},"author":1,"featured_media":0,"parent":269,"menu_order":0,"comment_status":"closed","ping_status":"closed","template":"","meta":{"_uag_custom_page_level_css":"","site-sidebar-layout":"default","site-content-layout":"","ast-site-content-layout":"","site-content-style":"default","site-sidebar-style":"default","ast-global-header-display":"","ast-banner-title-visibility":"","ast-main-header-display":"","ast-hfb-above-header-display":"","ast-hfb-below-header-display":"","ast-hfb-mobile-header-display":"","site-post-title":"disabled","ast-breadcrumbs-content":"","ast-featured-img":"","footer-sml-layout":"","ast-disable-related-posts":"","theme-transparent-header-meta":"","adv-header-id-meta":"","stick-header-meta":"","header-above-stick-meta":"","header-main-stick-meta":"","header-below-stick-meta":"","astra-migrate-meta-layouts":"default","ast-page-background-enabled":"default","ast-page-background-meta":{"desktop":{"background-color":"var(--ast-global-color-4)","background-image":"","background-repeat":"repeat","background-position":"center center","background-size":"auto","background-attachment":"scroll","background-type":"","background-media":"","overlay-type":"","overlay-color":"","overlay-opacity":"","overlay-gradient":""},"tablet":{"background-color":"","background-image":"","background-repeat":"repeat","background-position":"center center","background-size":"auto","background-attachment":"scroll","background-type":"","background-media":"","overlay-type":"","overlay-color":"","overlay-opacity":"","overlay-gradient":""},"mobile":{"background-color":"","background-image":"","background-repeat":"repeat","background-position":"center center","background-size":"auto","background-attachment":"scroll","background-type":"","background-media":"","overlay-type":"","overlay-color":"","overlay-opacity":"","overlay-gradient":""}},"ast-content-background-meta":{"desktop":{"background-color":"var(--ast-global-color-5)","background-image":"","background-repeat":"repeat","background-position":"center center","background-size":"auto","background-attachment":"scroll","background-type":"","background-media":"","overlay-type":"","overlay-color":"","overlay-opacity":"","overlay-gradient":""},"tablet":{"background-color":"var(--ast-global-color-5)","background-image":"","background-repeat":"repeat","background-position":"center center","background-size":"auto","background-attachment":"scroll","background-type":"","background-media":"","overlay-type":"","overlay-color":"","overlay-opacity":"","overlay-gradient":""},"mobile":{"background-color":"var(--ast-global-color-5)","background-image":"","background-repeat":"repeat","background-position":"center center","background-size":"auto","background-attachment":"scroll","background-type":"","background-media":"","overlay-type":"","overlay-color":"","overlay-opacity":"","overlay-gradient":""}},"footnotes":""},"class_list":["post-3226","page","type-page","status-publish","hentry"],"uagb_featured_image_src":{"full":false,"thumbnail":false,"medium":false,"medium_large":false,"large":false,"1536x1536":false,"2048x2048":false,"etm-custom-language-flag":false,"awb_sm":false,"awb_md":false,"awb_lg":false,"awb_xl":false},"uagb_author_info":{"display_name":"agiva","author_link":"https:\/\/agiva.eu\/fr\/author\/agiva\/"},"uagb_comment_info":0,"uagb_excerpt":"MX 140 Overview All FRASTE MX Series rigs can be prepared for diamond coring, reverse circulation and air core drilling, [&hellip;]","_links":{"self":[{"href":"https:\/\/agiva.eu\/fr\/wp-json\/wp\/v2\/pages\/3226","targetHints":{"allow":["GET"]}}],"collection":[{"href":"https:\/\/agiva.eu\/fr\/wp-json\/wp\/v2\/pages"}],"about":[{"href":"https:\/\/agiva.eu\/fr\/wp-json\/wp\/v2\/types\/page"}],"author":[{"embeddable":true,"href":"https:\/\/agiva.eu\/fr\/wp-json\/wp\/v2\/users\/1"}],"replies":[{"embeddable":true,"href":"https:\/\/agiva.eu\/fr\/wp-json\/wp\/v2\/comments?post=3226"}],"version-history":[{"count":4,"href":"https:\/\/agiva.eu\/fr\/wp-json\/wp\/v2\/pages\/3226\/revisions"}],"predecessor-version":[{"id":3238,"href":"https:\/\/agiva.eu\/fr\/wp-json\/wp\/v2\/pages\/3226\/revisions\/3238"}],"up":[{"embeddable":true,"href":"https:\/\/agiva.eu\/fr\/wp-json\/wp\/v2\/pages\/269"}],"wp:attachment":[{"href":"https:\/\/agiva.eu\/fr\/wp-json\/wp\/v2\/media?parent=3226"}],"curies":[{"name":"wp","href":"https:\/\/api.w.org\/{rel}","templated":true}]}}