{"id":364,"date":"2025-04-24T07:24:30","date_gmt":"2025-04-24T07:24:30","guid":{"rendered":"https:\/\/portal.agiva.eu\/?page_id=364"},"modified":"2025-11-07T15:21:08","modified_gmt":"2025-11-07T15:21:08","slug":"shop","status":"publish","type":"page","link":"https:\/\/agiva.eu\/fr\/shop\/","title":{"rendered":"Boutique"},"content":{"rendered":"<div class=\"wp-block-uagb-container uagb-block-1bae3a6f alignfull uagb-is-root-container\"><div class=\"uagb-container-inner-blocks-wrap\">\n<div class=\"wp-block-uagb-info-box uagb-block-58364634 uagb-infobox__content-wrap  uagb-infobox-icon-above-title uagb-infobox-image-valign-top\"><div class=\"uagb-ifb-content\"><div class=\"uagb-ifb-title-wrap\"><p class=\"uagb-ifb-title-prefix\">Bient\u00f4t!<\/p><h1 class=\"uagb-ifb-title\">Plus qu'une boutique en ligne<\/h1><\/div><p class=\"uagb-ifb-desc\">Commandez des pi\u00e8ces, obtenez des informations sur la machine et plus encore.<\/p><\/div><\/div>\n<\/div><\/div>\n\n\n\n<div style=\"height:50px\" aria-hidden=\"true\" class=\"wp-block-spacer\"><\/div>\n\n\n\n<h2 class=\"wp-block-heading\">Transformation num\u00e9rique<\/h2>\n\n\n\n<p>Pour offrir la meilleure exp\u00e9rience possible \u00e0 tous vos projets et machines, nous avons d\u00e9velopp\u00e9 une application personnalis\u00e9e qui offre des informations plus approfondies sur les machines, une exp\u00e9rience d\u2019achat transparente et bien plus encore. Que vous surveilliez les performances, que vous achetiez des pi\u00e8ces ou que vous planifiiez votre prochain projet, notre plateforme rassemble tout dans une interface intuitive et facile \u00e0 utiliser. Con\u00e7u pour les professionnels, il vous aide \u00e0 travailler plus intelligemment, \u00e0 gagner du temps et \u00e0 prendre des d\u00e9cisions \u00e9clair\u00e9es en toute confiance.<\/p>\n\n\n\n<div class=\"wp-block-columns is-layout-flex wp-container-core-columns-is-layout-28f84493 wp-block-columns-is-layout-flex\">\n<div class=\"wp-block-column is-layout-flow wp-block-column-is-layout-flow\">\n<div class=\"wp-block-uagb-buttons uagb-buttons__outer-wrap uagb-btn__default-btn uagb-btn-tablet__default-btn uagb-btn-mobile__default-btn uagb-block-00366cb3\"><div class=\"uagb-buttons__wrap uagb-buttons-layout-wrap\">\n<div data-aos= \"fade-up\" data-aos-duration=\"400\" data-aos-delay=\"0\" data-aos-easing=\"ease\" data-aos-once=\"true\" class=\"wp-block-uagb-buttons-child uagb-buttons__outer-wrap uagb-block-3b515976 wp-block-button\"><div class=\"uagb-button__wrapper\"><a class=\"uagb-buttons-repeater wp-block-button__link\" aria-label=\"\" href=\"https:\/\/portal.agiva.eu\/\" rel=\"nofollow noopener\" target=\"_blank\" role=\"button\"><div class=\"uagb-button__link\">Explorez le portail<\/div><span class=\"uagb-button__icon uagb-button__icon-position-after\"><svg xmlns=\"https:\/\/www.w3.org\/2000\/svg\" viewbox=\"0 0 448 512\" aria-hidden=\"true\" focussable=\"false\"><path d=\"M438.6 278.6l-160 160C272.4 444.9 264.2 448 256 448s-16.38-3.125-22.62-9.375c-12.5-12.5-12.5-32.75 0-45.25L338.8 288H32C14.33 288 .0016 273.7 .0016 256S14.33 224 32 224h306.8l-105.4-105.4c-12.5-12.5-12.5-32.75 0-45.25s32.75-12.5 45.25 0l160 160C451.1 245.9 451.1 266.1 438.6 278.6z\"><\/path><\/svg><\/span><\/a><\/div><\/div>\n<\/div><\/div>\n<\/div>\n<\/div>\n\n\n\n<div style=\"height:50px\" aria-hidden=\"true\" class=\"wp-block-spacer\"><\/div>","protected":false},"excerpt":{"rendered":"<p>Transformation num\u00e9rique Pour offrir la meilleure exp\u00e9rience possible \u00e0 tous vos projets et machines, nous avons d\u00e9velopp\u00e9 une application [...]<\/p>","protected":false},"author":1,"featured_media":0,"parent":0,"menu_order":0,"comment_status":"closed","ping_status":"closed","template":"","meta":{"_uag_custom_page_level_css":"","site-sidebar-layout":"default","site-content-layout":"","ast-site-content-layout":"","site-content-style":"default","site-sidebar-style":"default","ast-global-header-display":"","ast-banner-title-visibility":"","ast-main-header-display":"","ast-hfb-above-header-display":"","ast-hfb-below-header-display":"","ast-hfb-mobile-header-display":"","site-post-title":"disabled","ast-breadcrumbs-content":"","ast-featured-img":"","footer-sml-layout":"","ast-disable-related-posts":"","theme-transparent-header-meta":"","adv-header-id-meta":"","stick-header-meta":"","header-above-stick-meta":"","header-main-stick-meta":"","header-below-stick-meta":"","astra-migrate-meta-layouts":"default","ast-page-background-enabled":"default","ast-page-background-meta":{"desktop":{"background-color":"var(--ast-global-color-4)","background-image":"","background-repeat":"repeat","background-position":"center center","background-size":"auto","background-attachment":"scroll","background-type":"","background-media":"","overlay-type":"","overlay-color":"","overlay-opacity":"","overlay-gradient":""},"tablet":{"background-color":"","background-image":"","background-repeat":"repeat","background-position":"center center","background-size":"auto","background-attachment":"scroll","background-type":"","background-media":"","overlay-type":"","overlay-color":"","overlay-opacity":"","overlay-gradient":""},"mobile":{"background-color":"","background-image":"","background-repeat":"repeat","background-position":"center center","background-size":"auto","background-attachment":"scroll","background-type":"","background-media":"","overlay-type":"","overlay-color":"","overlay-opacity":"","overlay-gradient":""}},"ast-content-background-meta":{"desktop":{"background-color":"var(--ast-global-color-5)","background-image":"","background-repeat":"repeat","background-position":"center center","background-size":"auto","background-attachment":"scroll","background-type":"","background-media":"","overlay-type":"","overlay-color":"","overlay-opacity":"","overlay-gradient":""},"tablet":{"background-color":"var(--ast-global-color-5)","background-image":"","background-repeat":"repeat","background-position":"center center","background-size":"auto","background-attachment":"scroll","background-type":"","background-media":"","overlay-type":"","overlay-color":"","overlay-opacity":"","overlay-gradient":""},"mobile":{"background-color":"var(--ast-global-color-5)","background-image":"","background-repeat":"repeat","background-position":"center center","background-size":"auto","background-attachment":"scroll","background-type":"","background-media":"","overlay-type":"","overlay-color":"","overlay-opacity":"","overlay-gradient":""}},"footnotes":""},"class_list":["post-364","page","type-page","status-publish","hentry"],"uagb_featured_image_src":{"full":false,"thumbnail":false,"medium":false,"medium_large":false,"large":false,"1536x1536":false,"2048x2048":false,"etm-custom-language-flag":false,"awb_sm":false,"awb_md":false,"awb_lg":false,"awb_xl":false},"uagb_author_info":{"display_name":"agiva","author_link":"https:\/\/agiva.eu\/fr\/author\/agiva\/"},"uagb_comment_info":0,"uagb_excerpt":"Digital transformation To provide the best possible experience for all your projects and machines, we&#8217;ve developed a custom application that [&hellip;]","_links":{"self":[{"href":"https:\/\/agiva.eu\/fr\/wp-json\/wp\/v2\/pages\/364","targetHints":{"allow":["GET"]}}],"collection":[{"href":"https:\/\/agiva.eu\/fr\/wp-json\/wp\/v2\/pages"}],"about":[{"href":"https:\/\/agiva.eu\/fr\/wp-json\/wp\/v2\/types\/page"}],"author":[{"embeddable":true,"href":"https:\/\/agiva.eu\/fr\/wp-json\/wp\/v2\/users\/1"}],"replies":[{"embeddable":true,"href":"https:\/\/agiva.eu\/fr\/wp-json\/wp\/v2\/comments?post=364"}],"version-history":[{"count":23,"href":"https:\/\/agiva.eu\/fr\/wp-json\/wp\/v2\/pages\/364\/revisions"}],"predecessor-version":[{"id":4131,"href":"https:\/\/agiva.eu\/fr\/wp-json\/wp\/v2\/pages\/364\/revisions\/4131"}],"wp:attachment":[{"href":"https:\/\/agiva.eu\/fr\/wp-json\/wp\/v2\/media?parent=364"}],"curies":[{"name":"wp","href":"https:\/\/api.w.org\/{rel}","templated":true}]}}