{"id":3773,"date":"2025-08-20T13:14:12","date_gmt":"2025-08-20T13:14:12","guid":{"rendered":"https:\/\/agiva.eu\/?page_id=3773"},"modified":"2026-02-03T13:02:09","modified_gmt":"2026-02-03T13:02:09","slug":"rental_pl-g1","status":"publish","type":"page","link":"https:\/\/agiva.eu\/fr\/rental\/rental_pl-g1\/","title":{"rendered":"rental_Mudman sur Crawler"},"content":{"rendered":"<div style=\"height:50px\" aria-hidden=\"true\" class=\"wp-block-spacer\"><\/div>\n\n\n\n<h2 class=\"wp-block-heading\">AGIVA MudMan sur Crawler \u2013 unit\u00e9s de location disponibles<\/h2>\n\n\n\n<div class=\"wp-block-uagb-container uagb-block-8a29a647 alignfull uagb-is-root-container\"><div class=\"uagb-container-inner-blocks-wrap\">\n<div class=\"wp-block-uagb-container uagb-block-fbaaa58d\">\n<div class=\"wp-block-uagb-container uagb-block-5c09c432\">\n<figure class=\"wp-block-image size-full\"><img loading=\"lazy\" decoding=\"async\" width=\"624\" height=\"895\" src=\"https:\/\/agiva.eu\/wp-content\/uploads\/2025\/04\/Mudman.jpg\" alt=\"\" class=\"wp-image-487\" srcset=\"https:\/\/agiva.eu\/wp-content\/uploads\/2025\/04\/Mudman.jpg 624w, https:\/\/agiva.eu\/wp-content\/uploads\/2025\/04\/Mudman-209x300.jpg 209w, https:\/\/agiva.eu\/wp-content\/uploads\/2025\/04\/Mudman-500x717.jpg 500w\" sizes=\"auto, (max-width: 624px) 100vw, 624px\" \/><\/figure>\n<\/div>\n<\/div>\n\n\n\n<div class=\"wp-block-uagb-container uagb-block-b72d8436\">\n<h3 class=\"wp-block-heading\"><strong>Vue d'ensemble<\/strong><\/h3>\n\n\n\n<p><strong>Unit\u00e9 mobile compacte de recyclage de boue. Con\u00e7u pour r\u00e9cup\u00e9rer votre boue de forage utile, pleine de bentonite et de polym\u00e8res, tout en d\u00e9chargeant proprement vos boutures. <\/strong><\/p>\n\n\n\n<p>Gr\u00e2ce au recyclage, la quantit\u00e9 d'eau utilis\u00e9e pour l'ex\u00e9cution du forage est limit\u00e9e. Cela conduit \u00e0 des co\u00fbts de d\u00e9charge plus faibles et signifie une \u00e9conomie nette imm\u00e9diate pour vos co\u00fbts de forage. <\/p>\n\n\n\n<p>Y compris:<\/p>\n\n\n\n<ul class=\"wp-block-list\">\n<li>Moteur diesel Kubota 55kW Tier IV <\/li>\n\n\n\n<li>hydraulique Danfoss<\/li>\n\n\n\n<li>S\u00e9paration de l'argile, des schistes, des coquilles et du sable<\/li>\n\n\n\n<li>10\u2032\u2032 s\u00e9parant l'hydrocyclone<\/li>\n\n\n\n<li>pompes \u00e0 boue sur demande<\/li>\n\n\n\n<li>hydraulique auxiliaire disponible<\/li>\n\n\n\n<li>Rouleau en caoutchouc solide <\/li>\n<\/ul>\n\n\n\n<p>Fabriqu\u00e9 selon les r\u00e9glementations les plus actuelles en mati\u00e8re de s\u00e9curit\u00e9 et de protection de l'environnement et avec la qualit\u00e9 et l'attention aux d\u00e9tails qui ont toujours caract\u00e9ris\u00e9 tous les \u00e9quipements AGIVA.<\/p>\n<\/div>\n\n\n\n<div class=\"wp-block-uagb-container uagb-block-ff8efcff\">\n<div class=\"wp-block-uagb-container uagb-block-bc8434e3\"><\/div>\n<\/div>\n\n\n\n<div class=\"wp-block-uagb-container uagb-block-1ce3ced4\">\n<h3 class=\"wp-block-heading\">Techniques <\/h3>\n\n\n\n<ul class=\"wp-block-list\">\n<li>Puits d'eau<\/li>\n\n\n\n<li>G\u00e9othermie<\/li>\n\n\n\n<li>G\u00e9otechnique<\/li>\n\n\n\n<li>Rotary de boue<\/li>\n\n\n\n<li>Micropiling<\/li>\n\n\n\n<li>DTHH Forage<\/li>\n<\/ul>\n\n\n\n<p>D'autres articles optionnels sont disponibles sur demande pour une version hautement personnalis\u00e9e de la plate-forme.<\/p>\n<\/div>\n<\/div><\/div>\n\n\n\n<div class=\"wp-block-uagb-container uagb-block-c31adf56 alignfull uagb-is-root-container\"><div class=\"uagb-container-inner-blocks-wrap\">\n<h3 class=\"wp-block-heading\">Sp\u00e9cifications techniques<\/h3>\n\n\n\n<figure class=\"wp-block-table is-style-stripes\"><table class=\"has-fixed-layout\" style=\"border-style:none;border-width:0px\"><tbody><tr><td>\u2022 <strong>Puissance&nbsp;&nbsp;&nbsp;&nbsp;&nbsp;&nbsp;&nbsp;&nbsp;&nbsp;&nbsp;&nbsp;&nbsp;&nbsp;&nbsp;&nbsp;&nbsp;&nbsp;&nbsp;&nbsp;&nbsp;&nbsp;&nbsp;&nbsp;&nbsp;&nbsp;&nbsp;&nbsp;&nbsp;&nbsp;&nbsp;&nbsp;&nbsp;&nbsp;&nbsp;&nbsp;&nbsp;&nbsp;&nbsp;&nbsp;&nbsp;&nbsp;&nbsp;&nbsp;&nbsp;&nbsp;&nbsp;&nbsp;&nbsp;&nbsp;&nbsp;&nbsp;&nbsp;&nbsp;<\/strong><\/td><td>CAT C2.2 \u2013 Phase V \u2013 Niveau 4F \u2013 55 kW (74 Hp)<\/td><\/tr><tr><td>\u2022 <strong>Volume du r\u00e9servoir de boue\u00a0\u00a0\u00a0\u00a0\u00a0\u00a0\u00a0\u00a0\u00a0\u00a0\u00a0\u00a0\u00a0\u00a0\u00a0\u00a0\u00a0\u00a0\u00a0\u00a0\u00a0\u00a0\u00a0\u00a0\u00a0\u00a0\u00a0\u00a0\u00a0\u00a0\u00a0\u00a0\u00a0\u00a0\u00a0\u00a0\u00a0\u00a0\u00a0\u00a0\u00a0\u00a0\u00a0\u00a0\u00a0<\/strong><\/td><td>1200 litres<\/td><\/tr><tr><td>\u2022 <strong><strong>Pompe embarqu\u00e9e<\/strong>\u00a0\u00a0\u00a0\u00a0\u00a0\u00a0\u00a0\u00a0\u00a0\u00a0\u00a0\u00a0\u00a0\u00a0\u00a0\u00a0\u00a0\u00a0\u00a0\u00a0\u00a0\u00a0\u00a0\u00a0\u00a0\u00a0\u00a0\u00a0\u00a0\u00a0\u00a0\u00a0\u00a0\u00a0\u00a0\u00a0\u00a0 \u00a0<\/strong><\/td><td>max 2000 lpm<\/td><\/tr><tr><td>\u2022 <strong>Pompe \u00e0 boue centrifuge en option\u00a0\u00a0\u00a0\u00a0\u00a0\u00a0\u00a0\u00a0\u00a0\u00a0\u00a0\u00a0\u00a0\u00a0\u00a0\u00a0\u00a0\u00a0\u00a0\u00a0\u00a0\u00a0\u00a0\u00a0\u00a0\u00a0\u00a0\u00a0\u00a0\u00a0\u00a0\u00a0\u00a0\u00a0\u00a0\u00a0\u00a0\u00a0\u00a0\u00a0\u00a0\u00a0\u00a0\u00a0\u00a0\u00a0\u00a0\u00a0\u00a0\u00a0\u00a0\u00a0\u00a0\u00a0\u00a0\u00a0\u00a0\u00a0\u00a0\u00a0\u00a0\u00a0\u00a0\u00a0\u00a0\u00a0\u00a0\u00a0\u00a0\u00a0\u00a0\u00a0\u00a0\u00a0<\/strong><\/td><td>1800 lpm max \/\/ 10 bar max<\/td><\/tr><tr><td>\u2022 <strong>Type de vis de pompe \u00e0 boue en option<\/strong><\/td><td>600 lpm max \/\/ 14 bar max<\/td><\/tr><tr><td><\/td><td><\/td><\/tr><tr><td><\/td><td><\/td><\/tr><tr><td><\/td><td><\/td><\/tr><tr><td>\u2022 <strong>Poids<\/strong><\/td><td>4350 kg<\/td><\/tr><\/tbody><\/table><\/figure>\n\n\n\n<div class=\"wp-block-buttons is-layout-flex wp-block-buttons-is-layout-flex\" style=\"margin-top:var(--wp--preset--spacing--20);margin-bottom:var(--wp--preset--spacing--20)\">\n<div class=\"wp-block-button\"><a class=\"wp-block-button__link wp-element-button\" href=\"https:\/\/agiva.eu\/wp-content\/uploads\/2025\/06\/Catalogus-Mud-Recycling.pdf\">T\u00e9l\u00e9charger la brochure<\/a><\/div>\n<\/div>\n<\/div><\/div>\n\n\n\n<div style=\"height:50px\" aria-hidden=\"true\" class=\"wp-block-spacer\"><\/div>\n\n\n\n<div style=\"height:50px\" aria-hidden=\"true\" class=\"wp-block-spacer\"><\/div>\n\n\n\n<div style=\"height:50px\" aria-hidden=\"true\" class=\"wp-block-spacer\"><\/div>","protected":false},"excerpt":{"rendered":"<p>AGIVA MudMan on Crawler \u2013 unit\u00e9s de location disponibles Vue d\u2019ensemble Unit\u00e9 mobile compacte de recyclage de boue. Con\u00e7u pour r\u00e9cup\u00e9rer votre utile [...]<\/p>","protected":false},"author":2,"featured_media":0,"parent":2550,"menu_order":0,"comment_status":"closed","ping_status":"closed","template":"","meta":{"_uag_custom_page_level_css":"","site-sidebar-layout":"default","site-content-layout":"","ast-site-content-layout":"default","site-content-style":"default","site-sidebar-style":"default","ast-global-header-display":"","ast-banner-title-visibility":"","ast-main-header-display":"","ast-hfb-above-header-display":"","ast-hfb-below-header-display":"","ast-hfb-mobile-header-display":"","site-post-title":"disabled","ast-breadcrumbs-content":"","ast-featured-img":"","footer-sml-layout":"","ast-disable-related-posts":"","theme-transparent-header-meta":"","adv-header-id-meta":"","stick-header-meta":"","header-above-stick-meta":"","header-main-stick-meta":"","header-below-stick-meta":"","astra-migrate-meta-layouts":"default","ast-page-background-enabled":"default","ast-page-background-meta":{"desktop":{"background-color":"var(--ast-global-color-4)","background-image":"","background-repeat":"repeat","background-position":"center center","background-size":"auto","background-attachment":"scroll","background-type":"","background-media":"","overlay-type":"","overlay-color":"","overlay-opacity":"","overlay-gradient":""},"tablet":{"background-color":"","background-image":"","background-repeat":"repeat","background-position":"center center","background-size":"auto","background-attachment":"scroll","background-type":"","background-media":"","overlay-type":"","overlay-color":"","overlay-opacity":"","overlay-gradient":""},"mobile":{"background-color":"","background-image":"","background-repeat":"repeat","background-position":"center center","background-size":"auto","background-attachment":"scroll","background-type":"","background-media":"","overlay-type":"","overlay-color":"","overlay-opacity":"","overlay-gradient":""}},"ast-content-background-meta":{"desktop":{"background-color":"var(--ast-global-color-5)","background-image":"","background-repeat":"repeat","background-position":"center center","background-size":"auto","background-attachment":"scroll","background-type":"","background-media":"","overlay-type":"","overlay-color":"","overlay-opacity":"","overlay-gradient":""},"tablet":{"background-color":"var(--ast-global-color-5)","background-image":"","background-repeat":"repeat","background-position":"center center","background-size":"auto","background-attachment":"scroll","background-type":"","background-media":"","overlay-type":"","overlay-color":"","overlay-opacity":"","overlay-gradient":""},"mobile":{"background-color":"var(--ast-global-color-5)","background-image":"","background-repeat":"repeat","background-position":"center center","background-size":"auto","background-attachment":"scroll","background-type":"","background-media":"","overlay-type":"","overlay-color":"","overlay-opacity":"","overlay-gradient":""}},"footnotes":""},"class_list":["post-3773","page","type-page","status-publish","hentry"],"uagb_featured_image_src":{"full":false,"thumbnail":false,"medium":false,"medium_large":false,"large":false,"1536x1536":false,"2048x2048":false,"etm-custom-language-flag":false,"awb_sm":false,"awb_md":false,"awb_lg":false,"awb_xl":false},"uagb_author_info":{"display_name":"Valentijn","author_link":"https:\/\/agiva.eu\/fr\/author\/valentijnagiva-eu\/"},"uagb_comment_info":0,"uagb_excerpt":"AGIVA MudMan on Crawler &#8211; rental units available Overview Compact mobile mud recycling unit. Designed to claim back your useful [&hellip;]","_links":{"self":[{"href":"https:\/\/agiva.eu\/fr\/wp-json\/wp\/v2\/pages\/3773","targetHints":{"allow":["GET"]}}],"collection":[{"href":"https:\/\/agiva.eu\/fr\/wp-json\/wp\/v2\/pages"}],"about":[{"href":"https:\/\/agiva.eu\/fr\/wp-json\/wp\/v2\/types\/page"}],"author":[{"embeddable":true,"href":"https:\/\/agiva.eu\/fr\/wp-json\/wp\/v2\/users\/2"}],"replies":[{"embeddable":true,"href":"https:\/\/agiva.eu\/fr\/wp-json\/wp\/v2\/comments?post=3773"}],"version-history":[{"count":12,"href":"https:\/\/agiva.eu\/fr\/wp-json\/wp\/v2\/pages\/3773\/revisions"}],"predecessor-version":[{"id":4204,"href":"https:\/\/agiva.eu\/fr\/wp-json\/wp\/v2\/pages\/3773\/revisions\/4204"}],"up":[{"embeddable":true,"href":"https:\/\/agiva.eu\/fr\/wp-json\/wp\/v2\/pages\/2550"}],"wp:attachment":[{"href":"https:\/\/agiva.eu\/fr\/wp-json\/wp\/v2\/media?parent=3773"}],"curies":[{"name":"wp","href":"https:\/\/api.w.org\/{rel}","templated":true}]}}